{"id":987,"date":"2025-07-21T16:22:11","date_gmt":"2025-07-21T14:22:11","guid":{"rendered":"https:\/\/mallorcavr.es\/wer-wir-sind\/"},"modified":"2025-11-21T10:46:01","modified_gmt":"2025-11-21T09:46:01","slug":"wer-wir-sind","status":"publish","type":"page","link":"https:\/\/mallorcavr.es\/de\/wer-wir-sind\/","title":{"rendered":"Wer wir sind"},"content":{"rendered":"\t\t<div data-elementor-type=\"wp-page\" data-elementor-id=\"987\" class=\"elementor elementor-987 elementor-266\" data-elementor-post-type=\"page\">\n\t\t\t\t<div class=\"elementor-element elementor-element-eb37b56 e-con-full e-flex e-con e-parent\" data-id=\"eb37b56\" data-element_type=\"container\" data-e-type=\"container\" data-settings=\"{&quot;background_background&quot;:&quot;classic&quot;,&quot;jet_parallax_layout_list&quot;:[]}\">\n\t\t\t\t<div class=\"elementor-element elementor-element-d06efb0 elementor-widget__width-inherit elementor-invisible elementor-widget elementor-widget-heading\" data-id=\"d06efb0\" data-element_type=\"widget\" data-e-type=\"widget\" data-settings=\"{&quot;_animation&quot;:&quot;fadeInUp&quot;}\" data-widget_type=\"heading.default\">\n\t\t\t\t\t<h1 class=\"elementor-heading-title elementor-size-default\">Wer wir sind<\/h1>\t\t\t\t<\/div>\n\t\t\t\t<\/div>\n\t\t<div class=\"elementor-element elementor-element-8ce9fc7 e-flex e-con-boxed e-con e-parent\" data-id=\"8ce9fc7\" data-element_type=\"container\" data-e-type=\"container\" data-settings=\"{&quot;jet_parallax_layout_list&quot;:[]}\">\n\t\t\t\t\t<div class=\"e-con-inner\">\n\t\t<div class=\"elementor-element elementor-element-8e31964 e-con-full e-flex elementor-invisible e-con e-child\" data-id=\"8e31964\" data-element_type=\"container\" data-e-type=\"container\" data-settings=\"{&quot;animation&quot;:&quot;fadeInLeft&quot;,&quot;jet_parallax_layout_list&quot;:[]}\">\n\t\t\t\t<div class=\"elementor-element elementor-element-b8657d7 elementor-widget elementor-widget-heading\" data-id=\"b8657d7\" data-element_type=\"widget\" data-e-type=\"widget\" data-widget_type=\"heading.default\">\n\t\t\t\t\t<h6 class=\"elementor-heading-title elementor-size-default\">Wer wir sind<\/h6>\t\t\t\t<\/div>\n\t\t\t\t<div class=\"elementor-element elementor-element-e2e8b3a elementor-widget elementor-widget-heading\" data-id=\"e2e8b3a\" data-element_type=\"widget\" data-e-type=\"widget\" data-widget_type=\"heading.default\">\n\t\t\t\t\t<h2 class=\"elementor-heading-title elementor-size-default\">DER GR\u00d6SSTE VIRTUAL-REALITY-FREIZEITRAUM MALLORCAS<\/h2>\t\t\t\t<\/div>\n\t\t\t\t<div class=\"elementor-element elementor-element-31f888d elementor-widget elementor-widget-text-editor\" data-id=\"31f888d\" data-element_type=\"widget\" data-e-type=\"widget\" data-widget_type=\"text-editor.default\">\n\t\t\t\t\t\t\t\t\t<p>Bei Zero Leatency Mallorca handelt es sich um das gr\u00f6\u00dfte Virtual-Reality-Freizeitzentrum der Insel. Auf mehr als 800 m\u00b2 k\u00f6nnen Sie sich in unm\u00f6gliche Welten entf\u00fchren lassen. Unsere Leidenschaft f\u00fcr Innovation und Unterhaltung hat uns dazu veranlasst, drei mit modernster Technologie ausgestattete Spielhallen zu entwerfen, in denen Sie mit den besten Ger\u00e4ten und den neuesten Titeln auf dem Markt ein faszinierendes Erlebnis genie\u00dfen k\u00f6nnen.<\/p>\t\t\t\t\t\t\t\t<\/div>\n\t\t\t\t<div class=\"elementor-element elementor-element-2b6015f elementor-widget elementor-widget-button\" data-id=\"2b6015f\" data-element_type=\"widget\" data-e-type=\"widget\" data-widget_type=\"button.default\">\n\t\t\t\t\t\t\t\t\t\t<a class=\"elementor-button elementor-button-link elementor-size-md\" href=\"https:\/\/book.peek.com\/s\/d58f89ac-2b32-46d9-9858-bbd625c90d5e\/p_kenaz9?mode=standalone\" target=\"_blank\" rel=\"noopener noreferrer nofollow\">\n\t\t\t\t\t\t<span class=\"elementor-button-content-wrapper\">\n\t\t\t\t\t\t\t\t\t<span class=\"elementor-button-text\">BUCH<\/span>\n\t\t\t\t\t<\/span>\n\t\t\t\t\t<\/a>\n\t\t\t\t\t\t\t\t<\/div>\n\t\t\t\t<\/div>\n\t\t<div class=\"elementor-element elementor-element-5955268 e-con-full e-flex elementor-invisible e-con e-child\" data-id=\"5955268\" data-element_type=\"container\" data-e-type=\"container\" data-settings=\"{&quot;animation&quot;:&quot;fadeInRight&quot;,&quot;jet_parallax_layout_list&quot;:[]}\">\n\t\t\t\t<div class=\"elementor-element elementor-element-9816ef1 elementor-widget elementor-widget-image\" data-id=\"9816ef1\" data-element_type=\"widget\" data-e-type=\"widget\" data-widget_type=\"image.default\">\n\t\t\t\t\t\t\t\t\t\t\t\t\t\t\t<img fetchpriority=\"high\" decoding=\"async\" width=\"800\" height=\"534\" src=\"https:\/\/mallorcavr.es\/wp-content\/uploads\/2025\/07\/Zero-Latency-Hero-mallorca.png\" class=\"attachment-large size-large wp-image-716\" alt=\"\" srcset=\"https:\/\/mallorcavr.es\/wp-content\/uploads\/2025\/07\/Zero-Latency-Hero-mallorca.png 900w, https:\/\/mallorcavr.es\/wp-content\/uploads\/2025\/07\/Zero-Latency-Hero-mallorca-300x200.png 300w, https:\/\/mallorcavr.es\/wp-content\/uploads\/2025\/07\/Zero-Latency-Hero-mallorca-768x513.png 768w\" sizes=\"(max-width: 800px) 100vw, 800px\" \/>\t\t\t\t\t\t\t\t\t\t\t\t\t\t\t<\/div>\n\t\t\t\t<div class=\"elementor-element elementor-element-3b58a98 elementor-cta--valign-middle elementor-widget__width-initial elementor-absolute elementor-cta--skin-classic elementor-animated-content elementor-invisible elementor-widget elementor-widget-call-to-action\" data-id=\"3b58a98\" data-element_type=\"widget\" data-e-type=\"widget\" data-settings=\"{&quot;_position&quot;:&quot;absolute&quot;,&quot;_animation&quot;:&quot;bounceIn&quot;}\" data-widget_type=\"call-to-action.default\">\n\t\t\t\t\t\t\t<div class=\"elementor-cta\">\n\t\t\t\t\t\t\t<div class=\"elementor-cta__content\">\n\t\t\t\t\n\t\t\t\t\t\t\t\t\t<div class=\"elementor-cta__title elementor-cta__content-item elementor-content-item\">\n\t\t\t\t\t\t+800m2\t\t\t\t\t<\/div>\n\t\t\t\t\n\t\t\t\t\t\t\t\t\t<div class=\"elementor-cta__description elementor-cta__content-item elementor-content-item\">\n\t\t\t\t\t\tAUSSTATTUNG\t\t\t\t\t<\/div>\n\t\t\t\t\n\t\t\t\t\t\t\t<\/div>\n\t\t\t\t\t\t<\/div>\n\t\t\t\t\t\t<\/div>\n\t\t\t\t<\/div>\n\t\t\t\t\t<\/div>\n\t\t\t\t<\/div>\n\t\t<div class=\"elementor-element elementor-element-298ac3d e-flex e-con-boxed elementor-invisible e-con e-parent\" data-id=\"298ac3d\" data-element_type=\"container\" data-e-type=\"container\" data-settings=\"{&quot;background_background&quot;:&quot;gradient&quot;,&quot;animation&quot;:&quot;fadeInDown&quot;,&quot;jet_parallax_layout_list&quot;:[]}\">\n\t\t\t\t\t<div class=\"e-con-inner\">\n\t\t\t\t<div class=\"elementor-element elementor-element-40ee9ca elementor-widget elementor-widget-heading\" data-id=\"40ee9ca\" data-element_type=\"widget\" data-e-type=\"widget\" data-widget_type=\"heading.default\">\n\t\t\t\t\t<h2 class=\"elementor-heading-title elementor-size-default\">Unsere Einrichtungen<\/h2>\t\t\t\t<\/div>\n\t\t<div class=\"elementor-element elementor-element-e97baa7 e-con-full e-flex e-con e-child\" data-id=\"e97baa7\" data-element_type=\"container\" data-e-type=\"container\" data-settings=\"{&quot;jet_parallax_layout_list&quot;:[]}\">\n\t\t<div class=\"elementor-element elementor-element-1638cfa e-con-full e-flex e-con e-child\" data-id=\"1638cfa\" data-element_type=\"container\" data-e-type=\"container\" data-settings=\"{&quot;jet_parallax_layout_list&quot;:[]}\">\n\t\t<div class=\"elementor-element elementor-element-c06d2c7 e-con-full e-flex e-con e-child\" data-id=\"c06d2c7\" data-element_type=\"container\" data-e-type=\"container\" data-settings=\"{&quot;jet_parallax_layout_list&quot;:[]}\">\n\t\t\t\t<div class=\"elementor-element elementor-element-d5a055f elementor-view-stacked elementor-shape-square elementor-position-inline-start elementor-mobile-position-inline-start elementor-widget elementor-widget-icon-box\" data-id=\"d5a055f\" data-element_type=\"widget\" data-e-type=\"widget\" data-widget_type=\"icon-box.default\">\n\t\t\t\t\t\t\t<div class=\"elementor-icon-box-wrapper\">\n\n\t\t\t\t\t\t<div class=\"elementor-icon-box-icon\">\n\t\t\t\t<span  class=\"elementor-icon\">\n\t\t\t\t<i aria-hidden=\"true\" class=\"mdi mdi-lightbulb-on\"><\/i>\t\t\t\t<\/span>\n\t\t\t<\/div>\n\t\t\t\n\t\t\t\t\t\t<div class=\"elementor-icon-box-content\">\n\n\t\t\t\t\t\t\t\t\t<div class=\"elementor-icon-box-title\">\n\t\t\t\t\t\t<span  >\n\t\t\t\t\t\t\tMehr als 800 Quadratmeter\t\t\t\t\t\t<\/span>\n\t\t\t\t\t<\/div>\n\t\t\t\t\n\t\t\t\t\t\t\t\t\t<p class=\"elementor-icon-box-description\">\n\t\t\t\t\t\tverteilt in Spiel-, Entspannungs- und Restaurantbereichen.\t\t\t\t\t<\/p>\n\t\t\t\t\n\t\t\t<\/div>\n\t\t\t\n\t\t<\/div>\n\t\t\t\t\t\t<\/div>\n\t\t\t\t<\/div>\n\t\t<div class=\"elementor-element elementor-element-a0f91ab e-con-full e-flex e-con e-child\" data-id=\"a0f91ab\" data-element_type=\"container\" data-e-type=\"container\" data-settings=\"{&quot;jet_parallax_layout_list&quot;:[]}\">\n\t\t\t\t<div class=\"elementor-element elementor-element-43621f8 elementor-view-stacked elementor-shape-square elementor-position-inline-start elementor-mobile-position-inline-start elementor-widget elementor-widget-icon-box\" data-id=\"43621f8\" data-element_type=\"widget\" data-e-type=\"widget\" data-widget_type=\"icon-box.default\">\n\t\t\t\t\t\t\t<div class=\"elementor-icon-box-wrapper\">\n\n\t\t\t\t\t\t<div class=\"elementor-icon-box-icon\">\n\t\t\t\t<span  class=\"elementor-icon\">\n\t\t\t\t<i aria-hidden=\"true\" class=\"mdi mdi-lightbulb-on\"><\/i>\t\t\t\t<\/span>\n\t\t\t<\/div>\n\t\t\t\n\t\t\t\t\t\t<div class=\"elementor-icon-box-content\">\n\n\t\t\t\t\t\t\t\t\t<div class=\"elementor-icon-box-title\">\n\t\t\t\t\t\t<span  >\n\t\t\t\t\t\t\t3 unabh\u00e4ngige Spielspuren,\t\t\t\t\t\t<\/span>\n\t\t\t\t\t<\/div>\n\t\t\t\t\n\t\t\t\t\t\t\t\t\t<p class=\"elementor-icon-box-description\">\n\t\t\t\t\t\tvorbereitet f\u00fcr individuelle, wettbewerbsorientierte oder kooperative Sitzungen.\t\t\t\t\t<\/p>\n\t\t\t\t\n\t\t\t<\/div>\n\t\t\t\n\t\t<\/div>\n\t\t\t\t\t\t<\/div>\n\t\t\t\t<\/div>\n\t\t<div class=\"elementor-element elementor-element-ea53c9e e-con-full e-flex e-con e-child\" data-id=\"ea53c9e\" data-element_type=\"container\" data-e-type=\"container\" data-settings=\"{&quot;jet_parallax_layout_list&quot;:[]}\">\n\t\t\t\t<div class=\"elementor-element elementor-element-a05fb02 elementor-view-stacked elementor-shape-square elementor-position-inline-start elementor-mobile-position-inline-start elementor-widget elementor-widget-icon-box\" data-id=\"a05fb02\" data-element_type=\"widget\" data-e-type=\"widget\" data-widget_type=\"icon-box.default\">\n\t\t\t\t\t\t\t<div class=\"elementor-icon-box-wrapper\">\n\n\t\t\t\t\t\t<div class=\"elementor-icon-box-icon\">\n\t\t\t\t<span  class=\"elementor-icon\">\n\t\t\t\t<i aria-hidden=\"true\" class=\"mdi mdi-lightbulb-on\"><\/i>\t\t\t\t<\/span>\n\t\t\t<\/div>\n\t\t\t\n\t\t\t\t\t\t<div class=\"elementor-icon-box-content\">\n\n\t\t\t\t\t\t\t\t\t<div class=\"elementor-icon-box-title\">\n\t\t\t\t\t\t<span  >\n\t\t\t\t\t\t\tChill-out-Bereich und Bar\t\t\t\t\t\t<\/span>\n\t\t\t\t\t<\/div>\n\t\t\t\t\n\t\t\t\t\t\t\t\t\t<p class=\"elementor-icon-box-description\">\n\t\t\t\t\t\tklimatisiert, um zwischen den Spielen Kraft zu sch\u00f6pfen. Zus\u00e4tzlich zum <b>Premium-Catering<\/b>\t\t\t\t\t<\/p>\n\t\t\t\t\n\t\t\t<\/div>\n\t\t\t\n\t\t<\/div>\n\t\t\t\t\t\t<\/div>\n\t\t\t\t<\/div>\n\t\t\t\t<\/div>\n\t\t\t\t<\/div>\n\t\t\t\t\t<\/div>\n\t\t\t\t<\/div>\n\t\t<div class=\"elementor-element elementor-element-66f5a9b e-flex e-con-boxed e-con e-parent\" data-id=\"66f5a9b\" data-element_type=\"container\" data-e-type=\"container\" data-settings=\"{&quot;jet_parallax_layout_list&quot;:[]}\">\n\t\t\t\t\t<div class=\"e-con-inner\">\n\t\t<div class=\"elementor-element elementor-element-81c8ba1 e-con-full e-flex elementor-invisible e-con e-child\" data-id=\"81c8ba1\" data-element_type=\"container\" data-e-type=\"container\" data-settings=\"{&quot;animation&quot;:&quot;fadeInLeft&quot;,&quot;jet_parallax_layout_list&quot;:[]}\">\n\t\t\t\t<div class=\"elementor-element elementor-element-a3d68c6 elementor-widget elementor-widget-image\" data-id=\"a3d68c6\" data-element_type=\"widget\" data-e-type=\"widget\" data-widget_type=\"image.default\">\n\t\t\t\t\t\t\t\t\t\t\t\t\t\t\t<img decoding=\"async\" width=\"800\" height=\"450\" src=\"https:\/\/mallorcavr.es\/wp-content\/uploads\/2025\/11\/familia-escape-1024x576.webp\" class=\"attachment-large size-large wp-image-2897\" alt=\"\" srcset=\"https:\/\/mallorcavr.es\/wp-content\/uploads\/2025\/11\/familia-escape-1024x576.webp 1024w, https:\/\/mallorcavr.es\/wp-content\/uploads\/2025\/11\/familia-escape-300x169.webp 300w, https:\/\/mallorcavr.es\/wp-content\/uploads\/2025\/11\/familia-escape-768x432.webp 768w, https:\/\/mallorcavr.es\/wp-content\/uploads\/2025\/11\/familia-escape-1536x864.webp 1536w, https:\/\/mallorcavr.es\/wp-content\/uploads\/2025\/11\/familia-escape.webp 1920w\" sizes=\"(max-width: 800px) 100vw, 800px\" \/>\t\t\t\t\t\t\t\t\t\t\t\t\t\t\t<\/div>\n\t\t\t\t<\/div>\n\t\t<div class=\"elementor-element elementor-element-bfcc43e e-con-full e-flex elementor-invisible e-con e-child\" data-id=\"bfcc43e\" data-element_type=\"container\" data-e-type=\"container\" data-settings=\"{&quot;animation&quot;:&quot;fadeInRight&quot;,&quot;jet_parallax_layout_list&quot;:[]}\">\n\t\t\t\t<div class=\"elementor-element elementor-element-06b1c5c elementor-widget elementor-widget-heading\" data-id=\"06b1c5c\" data-element_type=\"widget\" data-e-type=\"widget\" data-widget_type=\"heading.default\">\n\t\t\t\t\t<h2 class=\"elementor-heading-title elementor-size-default\">Warum Mallorca VR w\u00e4hlen?\n\n<\/h2>\t\t\t\t<\/div>\n\t\t\t\t<div class=\"elementor-element elementor-element-98026e2 elementor-widget elementor-widget-heading\" data-id=\"98026e2\" data-element_type=\"widget\" data-e-type=\"widget\" data-widget_type=\"heading.default\">\n\t\t\t\t\t<h4 class=\"elementor-heading-title elementor-size-default\">Wir von Mallorca VR glauben, dass die beste Art, virtuelle Realit\u00e4t zu erleben, darin besteht, die Aufregung mit Ihren Lieben zu teilen. Kommen Sie und entdecken Sie, warum wir die Referenz f\u00fcr immersive Freizeitgestaltung auf Mallorca sind!<\/h4>\t\t\t\t<\/div>\n\t\t\t\t<div class=\"elementor-element elementor-element-0e51a1a elementor-widget-divider--view-line elementor-widget elementor-widget-divider\" data-id=\"0e51a1a\" data-element_type=\"widget\" data-e-type=\"widget\" data-widget_type=\"divider.default\">\n\t\t\t\t\t\t\t<div class=\"elementor-divider\">\n\t\t\t<span class=\"elementor-divider-separator\">\n\t\t\t\t\t\t<\/span>\n\t\t<\/div>\n\t\t\t\t\t\t<\/div>\n\t\t\t\t<div class=\"elementor-element elementor-element-4407b7f elementor-widget elementor-widget-text-editor\" data-id=\"4407b7f\" data-element_type=\"widget\" data-e-type=\"widget\" data-widget_type=\"text-editor.default\">\n\t\t\t\t\t\t\t\t\t<ul><li>Ideal f\u00fcr<strong> Freunde, Familien, Geburtstage und Teambuilding.<\/strong><\/li><li>Ger\u00e4umige, klimatisierte R\u00e4ume: <strong>komfortabel und sicher<\/strong> f\u00fcr alle Altersgruppen.<\/li><li>Sowohl f\u00fcr <strong>Anf\u00e4nger<\/strong> als auch f\u00fcr <strong>erfahrene Spieler<\/strong> geeignet <strong>.<\/strong><\/li><li><strong>Catering und Barservice<\/strong> vor Ort: Sie m\u00fcssen sich also nur noch darum k\u00fcmmern, sich zu am\u00fcsieren.<\/li><\/ul>\t\t\t\t\t\t\t\t<\/div>\n\t\t\t\t<\/div>\n\t\t\t\t\t<\/div>\n\t\t\t\t<\/div>\n\t\t\t\t<\/div>\n\t\t","protected":false},"excerpt":{"rendered":"<p>Wer wir sind DER GR\u00d6SSTE VIRTUAL-REALITY-FREIZEITRAUM MALLORCAS Bei Zero Leatency Mallorca handelt es sich um das gr\u00f6\u00dfte Virtual-Reality-Freizeitzentrum der Insel. Auf mehr als 800 m\u00b2 k\u00f6nnen Sie sich in unm\u00f6gliche Welten entf\u00fchren lassen. Unsere Leidenschaft f\u00fcr Innovation und Unterhaltung hat uns dazu veranlasst, drei mit modernster Technologie ausgestattete Spielhallen zu entwerfen, in denen Sie mit [&hellip;]<\/p>\n","protected":false},"author":1,"featured_media":0,"parent":0,"menu_order":0,"comment_status":"closed","ping_status":"closed","template":"","meta":{"footnotes":""},"class_list":["post-987","page","type-page","status-publish","hentry"],"_links":{"self":[{"href":"https:\/\/mallorcavr.es\/de\/wp-json\/wp\/v2\/pages\/987","targetHints":{"allow":["GET"]}}],"collection":[{"href":"https:\/\/mallorcavr.es\/de\/wp-json\/wp\/v2\/pages"}],"about":[{"href":"https:\/\/mallorcavr.es\/de\/wp-json\/wp\/v2\/types\/page"}],"author":[{"embeddable":true,"href":"https:\/\/mallorcavr.es\/de\/wp-json\/wp\/v2\/users\/1"}],"replies":[{"embeddable":true,"href":"https:\/\/mallorcavr.es\/de\/wp-json\/wp\/v2\/comments?post=987"}],"version-history":[{"count":4,"href":"https:\/\/mallorcavr.es\/de\/wp-json\/wp\/v2\/pages\/987\/revisions"}],"predecessor-version":[{"id":3073,"href":"https:\/\/mallorcavr.es\/de\/wp-json\/wp\/v2\/pages\/987\/revisions\/3073"}],"wp:attachment":[{"href":"https:\/\/mallorcavr.es\/de\/wp-json\/wp\/v2\/media?parent=987"}],"curies":[{"name":"wp","href":"https:\/\/api.w.org\/{rel}","templated":true}]}}