{"id":1479,"date":"2025-07-31T08:33:24","date_gmt":"2025-07-31T06:33:24","guid":{"rendered":"https:\/\/mallorcavr.es\/rechtlicher-hinweis\/"},"modified":"2025-08-11T10:41:55","modified_gmt":"2025-08-11T08:41:55","slug":"rechtlicher-hinweis","status":"publish","type":"page","link":"https:\/\/mallorcavr.es\/de\/rechtlicher-hinweis\/","title":{"rendered":"Rechtlicher Hinweis"},"content":{"rendered":"\n<p>In Erf\u00fcllung der Informationspflicht gem\u00e4\u00df Artikel 10 des Gesetzes 34\/2002 vom 11. Juli \u00fcber die <strong>Dienste der Informationsgesellschaft und den elektronischen Handel (LSSI-CE)<\/strong> werden die Nutzer dieser Website \u00fcber die folgenden Angaben informiert:<\/p>\n\n<hr class=\"wp-block-separator has-alpha-channel-opacity\"\/>\n\n<h3 class=\"wp-block-heading\"><strong>Angaben zum Eigent\u00fcmer der Website<\/strong><\/h3>\n\n<ul class=\"wp-block-list\">\n<li><strong>Eigent\u00fcmer:<\/strong> VIRTUAL FUN SL<\/li>\n\n\n\n<li><strong>UMSATZSTEUER-IDENTIFIKATIONSNUMMER:<\/strong> B75254417<\/li>\n\n\n\n<li><strong>Firmensitz:<\/strong> Gremi de Tintorers 15, 07009, Palma, Illes Balears, Spanien<\/li>\n\n\n\n<li><strong>Kontakt E-Mail:<\/strong> info@virtualfun.es<\/li>\n\n\n\n<li><strong>Webdomain:<\/strong> <a href=\"https:\/\/mallorcavr.es\/de\/\">https:\/\/mallorcavr.es<\/a><\/li>\n<\/ul>\n\n<hr class=\"wp-block-separator has-alpha-channel-opacity\"\/>\n\n<h3 class=\"wp-block-heading\"><strong>Bedingungen f\u00fcr die Nutzung<\/strong><\/h3>\n\n<p>Der Zugriff auf die Website <a href=\"https:\/\/mallorcavr.es\/de\/\">https:\/\/mallorcavr.es<\/a> und das Browsen auf dieser Website setzt voraus, dass der Benutzer alle in diesem rechtlichen Hinweis enthaltenen Bestimmungen sowie unsere Datenschutz- und Cookie-Richtlinie vollst\u00e4ndig und vorbehaltlos akzeptiert.<\/p>\n\n<p>Der Eigent\u00fcmer beh\u00e4lt sich das Recht vor, jederzeit und ohne Vorank\u00fcndigung die Pr\u00e4sentation, die Konfiguration und den Inhalt der Website sowie die f\u00fcr ihre Nutzung erforderlichen Bedingungen zu \u00e4ndern.<\/p>\n\n<hr class=\"wp-block-separator has-alpha-channel-opacity\"\/>\n\n<h3 class=\"wp-block-heading\"><strong>Geistiges und gewerbliches Eigentum<\/strong><\/h3>\n\n<p>Alle Inhalte der Website, einschlie\u00dflich, aber nicht beschr\u00e4nkt auf: Texte, Bilder, Grafiken, Logos, Videos, Design, Navigationsstruktur, Datenbanken und Quellcode, sind Eigentum des Eigent\u00fcmers oder von Dritten, die ihre Verwendung genehmigt haben, und sind durch die geltende Gesetzgebung zum geistigen und gewerblichen Eigentum gesch\u00fctzt.<\/p>\n\n<p>Die Vervielf\u00e4ltigung, Verbreitung, \u00f6ffentliche Wiedergabe oder Umgestaltung dieser Inhalte ist ohne ausdr\u00fcckliche Genehmigung des Eigent\u00fcmers strengstens untersagt.<\/p>\n\n<hr class=\"wp-block-separator has-alpha-channel-opacity\"\/>\n\n<h3 class=\"wp-block-heading\"><strong>Verantwortung<\/strong><\/h3>\n\n<p>Der Eigent\u00fcmer \u00fcbernimmt keine Haftung f\u00fcr Fehler oder Auslassungen im Inhalt der Website oder f\u00fcr Sch\u00e4den, die sich aus deren Nutzung ergeben, oder f\u00fcr Handlungen, die auf der Grundlage der darin enthaltenen Informationen vorgenommen werden.<\/p>\n\n<p>Der Eigent\u00fcmer \u00fcbernimmt keine Verantwortung f\u00fcr die Inhalte, die von dieser Website aus verlinkt sind, und garantiert auch nicht die Abwesenheit von Viren oder anderen Elementen, die Ver\u00e4nderungen im Computersystem des Benutzers verursachen k\u00f6nnen.<\/p>\n\n<hr class=\"wp-block-separator has-alpha-channel-opacity\"\/>\n\n<h3 class=\"wp-block-heading\"><strong>Anwendbares Recht und Gerichtsbarkeit<\/strong><\/h3>\n\n<p>Die Beziehung zwischen dem Nutzer und dem Eigent\u00fcmer unterliegt den in Spanien geltenden Bestimmungen. F\u00fcr alle Streitigkeiten, die sich aus dem Zugriff auf die Website oder deren Nutzung ergeben k\u00f6nnten, unterwerfen sich beide Parteien den Gerichten der Stadt Palma de Mallorca und verzichten ausdr\u00fccklich auf jede andere Zust\u00e4ndigkeit, die ihnen zustehen k\u00f6nnte. <\/p>\n","protected":false},"excerpt":{"rendered":"<p>In Erf\u00fcllung der Informationspflicht gem\u00e4\u00df Artikel 10 des Gesetzes 34\/2002 vom 11. Juli \u00fcber die Dienste der Informationsgesellschaft und den elektronischen Handel (LSSI-CE) werden die Nutzer dieser Website \u00fcber die folgenden Angaben informiert: Angaben zum Eigent\u00fcmer der Website Bedingungen f\u00fcr die Nutzung Der Zugriff auf die Website https:\/\/mallorcavr.es und das Browsen auf dieser Website setzt [&hellip;]<\/p>\n","protected":false},"author":1,"featured_media":0,"parent":0,"menu_order":0,"comment_status":"closed","ping_status":"closed","template":"","meta":{"footnotes":""},"class_list":["post-1479","page","type-page","status-publish","hentry"],"_links":{"self":[{"href":"https:\/\/mallorcavr.es\/de\/wp-json\/wp\/v2\/pages\/1479","targetHints":{"allow":["GET"]}}],"collection":[{"href":"https:\/\/mallorcavr.es\/de\/wp-json\/wp\/v2\/pages"}],"about":[{"href":"https:\/\/mallorcavr.es\/de\/wp-json\/wp\/v2\/types\/page"}],"author":[{"embeddable":true,"href":"https:\/\/mallorcavr.es\/de\/wp-json\/wp\/v2\/users\/1"}],"replies":[{"embeddable":true,"href":"https:\/\/mallorcavr.es\/de\/wp-json\/wp\/v2\/comments?post=1479"}],"version-history":[{"count":1,"href":"https:\/\/mallorcavr.es\/de\/wp-json\/wp\/v2\/pages\/1479\/revisions"}],"predecessor-version":[{"id":1480,"href":"https:\/\/mallorcavr.es\/de\/wp-json\/wp\/v2\/pages\/1479\/revisions\/1480"}],"wp:attachment":[{"href":"https:\/\/mallorcavr.es\/de\/wp-json\/wp\/v2\/media?parent=1479"}],"curies":[{"name":"wp","href":"https:\/\/api.w.org\/{rel}","templated":true}]}}