{"id":1030,"date":"2025-07-21T16:52:42","date_gmt":"2025-07-21T14:52:42","guid":{"rendered":"https:\/\/mallorcavr.es\/ereignisse\/"},"modified":"2025-12-23T16:53:12","modified_gmt":"2025-12-23T15:53:12","slug":"ereignisse","status":"publish","type":"page","link":"https:\/\/mallorcavr.es\/de\/ereignisse\/","title":{"rendered":"Ereignisse"},"content":{"rendered":"\t\t<div data-elementor-type=\"wp-page\" data-elementor-id=\"1030\" class=\"elementor elementor-1030 elementor-274\" data-elementor-post-type=\"page\">\n\t\t\t\t<div class=\"elementor-element elementor-element-7fe5593 e-flex e-con-boxed e-con e-parent\" data-id=\"7fe5593\" data-element_type=\"container\" data-e-type=\"container\" data-settings=\"{&quot;background_background&quot;:&quot;classic&quot;,&quot;jet_parallax_layout_list&quot;:[]}\">\n\t\t\t\t\t<div class=\"e-con-inner\">\n\t\t<div class=\"elementor-element elementor-element-814e0ae e-con-full e-flex e-con e-child\" data-id=\"814e0ae\" data-element_type=\"container\" data-e-type=\"container\" data-settings=\"{&quot;jet_parallax_layout_list&quot;:[]}\">\n\t\t<div class=\"elementor-element elementor-element-3bdab78 e-con-full e-flex e-con e-child\" data-id=\"3bdab78\" data-element_type=\"container\" data-e-type=\"container\" data-settings=\"{&quot;jet_parallax_layout_list&quot;:[]}\">\n\t\t<div class=\"elementor-element elementor-element-8ff9b46 e-con-full e-flex e-con e-child\" data-id=\"8ff9b46\" data-element_type=\"container\" data-e-type=\"container\" data-settings=\"{&quot;jet_parallax_layout_list&quot;:[]}\">\n\t\t\t\t<div class=\"elementor-element elementor-element-e064d4a elementor-invisible elementor-widget elementor-widget-heading\" data-id=\"e064d4a\" data-element_type=\"widget\" data-e-type=\"widget\" data-settings=\"{&quot;_animation&quot;:&quot;fadeInUp&quot;}\" data-widget_type=\"heading.default\">\n\t\t\t\t\t<h1 class=\"elementor-heading-title elementor-size-default\">Ereignisse<\/h1>\t\t\t\t<\/div>\n\t\t\t\t<div class=\"elementor-element elementor-element-bf7899a elementor-invisible elementor-widget elementor-widget-heading\" data-id=\"bf7899a\" data-element_type=\"widget\" data-e-type=\"widget\" data-settings=\"{&quot;_animation&quot;:&quot;fadeInUp&quot;,&quot;_animation_delay&quot;:200}\" data-widget_type=\"heading.default\">\n\t\t\t\t\t<h3 class=\"elementor-heading-title elementor-size-default\">Feiern Sie mit Stil auf Mallorca Zero Latency!\n\n<\/h3>\t\t\t\t<\/div>\n\t\t\t\t<div class=\"elementor-element elementor-element-e7190ae elementor-widget elementor-widget-text-editor\" data-id=\"e7190ae\" data-element_type=\"widget\" data-e-type=\"widget\" data-widget_type=\"text-editor.default\">\n\t\t\t\t\t\t\t\t\t<p>Sind Sie auf der Suche nach einem anderen, spannenden Plan? Unsere Geburtstags-, Event- und Familienpakete sind so konzipiert, dass sie den Rahmen sprengen: modernste Technik, an Ihre Gruppe angepasste Spiele und keine Wartezeiten, so dass Sie sich nur noch um den Spa\u00df k\u00fcmmern m\u00fcssen. Ob es sich um einen Geburtstag f\u00fcr Teenager oder ein Teambuilding f\u00fcr \u00fcber 18-J\u00e4hrige handelt, wir haben die perfekte Kombination aus VR-Spielen, Minispielen und Escape Rooms, um Ihre Feier zu einem unvergesslichen Erlebnis zu machen. Versammeln Sie Ihre Bande, w\u00e4hlen Sie Ihr Rudel und erleben Sie das Abenteuer hautnah!<\/p>\t\t\t\t\t\t\t\t<\/div>\n\t\t\t\t<\/div>\n\t\t\t\t<\/div>\n\t\t\t\t<\/div>\n\t\t\t\t\t<\/div>\n\t\t\t\t<\/div>\n\t\t<div class=\"elementor-element elementor-element-57a23f3 e-flex e-con-boxed e-con e-parent\" data-id=\"57a23f3\" data-element_type=\"container\" data-e-type=\"container\" data-settings=\"{&quot;jet_parallax_layout_list&quot;:[]}\">\n\t\t\t\t\t<div class=\"e-con-inner\">\n\t\t<div class=\"elementor-element elementor-element-bcb6946 e-con-full e-flex e-con e-child\" data-id=\"bcb6946\" data-element_type=\"container\" data-e-type=\"container\" data-settings=\"{&quot;jet_parallax_layout_list&quot;:[]}\">\n\t\t<div class=\"elementor-element elementor-element-fcfe03d animated-fast e-con-full e-flex elementor-invisible e-con e-child\" data-id=\"fcfe03d\" data-element_type=\"container\" data-e-type=\"container\" data-settings=\"{&quot;background_background&quot;:&quot;gradient&quot;,&quot;animation&quot;:&quot;zoomIn&quot;,&quot;animation_delay&quot;:200,&quot;jet_parallax_layout_list&quot;:[]}\">\n\t\t\t\t<div class=\"elementor-element elementor-element-e1b2b34 elementor-widget elementor-widget-icon-box\" data-id=\"e1b2b34\" data-element_type=\"widget\" data-e-type=\"widget\" data-widget_type=\"icon-box.default\">\n\t\t\t\t\t\t\t<div class=\"elementor-icon-box-wrapper\">\n\n\t\t\t\n\t\t\t\t\t\t<div class=\"elementor-icon-box-content\">\n\n\t\t\t\t\t\t\t\t\t<div class=\"elementor-icon-box-title\">\n\t\t\t\t\t\t<span  >\n\t\t\t\t\t\t\tPACKS F\u00dcR GRUPPEN UND VERANSTALTUNGEN<br>\u00dcber 18 Jahre\t\t\t\t\t\t<\/span>\n\t\t\t\t\t<\/div>\n\t\t\t\t\n\t\t\t\t\t\t\t\t\t<p class=\"elementor-icon-box-description\">\n\t\t\t\t\t\tW\u00e4hlen Sie aus Zero Latency Spielen, VR-Minispielen und VR-Escape-Abenteuern, um ein unvergessliches, auf Sie zugeschnittenes Erlebnis zu schaffen.\t\t\t\t\t<\/p>\n\t\t\t\t\n\t\t\t<\/div>\n\t\t\t\n\t\t<\/div>\n\t\t\t\t\t\t<\/div>\n\t\t\t\t<div class=\"elementor-element elementor-element-2748c87 elementor-align-center elementor-icon-list--layout-traditional elementor-list-item-link-full_width elementor-widget elementor-widget-icon-list\" data-id=\"2748c87\" data-element_type=\"widget\" data-e-type=\"widget\" data-widget_type=\"icon-list.default\">\n\t\t\t\t\t\t\t<ul class=\"elementor-icon-list-items\">\n\t\t\t\t\t\t\t<li class=\"elementor-icon-list-item\">\n\t\t\t\t\t\t\t\t\t\t<span class=\"elementor-icon-list-text\">Veranstaltung von ca. 3h - 4h.<\/span>\n\t\t\t\t\t\t\t\t\t<\/li>\n\t\t\t\t\t\t\t\t<li class=\"elementor-icon-list-item\">\n\t\t\t\t\t\t\t\t\t\t<span class=\"elementor-icon-list-text\">45 bis 70 Minuten echtes VR-Gameplay<\/span>\n\t\t\t\t\t\t\t\t\t<\/li>\n\t\t\t\t\t\t\t\t<li class=\"elementor-icon-list-item\">\n\t\t\t\t\t\t\t\t\t\t<span class=\"elementor-icon-list-text\">W\u00e4hlen Sie das beste Erlebnis mit Hilfe des Game Masters<\/span>\n\t\t\t\t\t\t\t\t\t<\/li>\n\t\t\t\t\t\t\t\t<li class=\"elementor-icon-list-item\">\n\t\t\t\t\t\t\t\t\t\t<span class=\"elementor-icon-list-text\">Verf\u00fcgbar f\u00fcr Gruppen von 4 bis 32 Spielern<\/span>\n\t\t\t\t\t\t\t\t\t<\/li>\n\t\t\t\t\t\t\t\t<li class=\"elementor-icon-list-item\">\n\t\t\t\t\t\t\t\t\t\t<span class=\"elementor-icon-list-text\">Catering-Optionen<\/span>\n\t\t\t\t\t\t\t\t\t<\/li>\n\t\t\t\t\t\t<\/ul>\n\t\t\t\t\t\t<\/div>\n\t\t\t\t<div class=\"elementor-element elementor-element-bf3d22c elementor-align-justify elementor-widget elementor-widget-button\" data-id=\"bf3d22c\" data-element_type=\"widget\" data-e-type=\"widget\" data-widget_type=\"button.default\">\n\t\t\t\t\t\t\t\t\t\t<a class=\"elementor-button elementor-button-link elementor-size-md\" href=\"https:\/\/mallorcavr.es\/de\/ereignisse\/ereignis-paket\/\">\n\t\t\t\t\t\t<span class=\"elementor-button-content-wrapper\">\n\t\t\t\t\t\t\t\t\t<span class=\"elementor-button-text\">MEHR LERNEN<\/span>\n\t\t\t\t\t<\/span>\n\t\t\t\t\t<\/a>\n\t\t\t\t\t\t\t\t<\/div>\n\t\t\t\t<div class=\"elementor-element elementor-element-83e0da3 elementor-widget elementor-widget-heading\" data-id=\"83e0da3\" data-element_type=\"widget\" data-e-type=\"widget\" data-widget_type=\"heading.default\">\n\t\t\t\t\t<div class=\"elementor-heading-title elementor-size-default\">  M\u00d6GLICHKEIT DER \u00d6FFNUNG DER R\u00c4UMLICHKEITEN AUSSERHALB DER \u00d6FFNUNGSZEITEN \"KONTAKTIEREN SIE UNS\".\n\n<\/div>\t\t\t\t<\/div>\n\t\t\t\t<\/div>\n\t\t<div class=\"elementor-element elementor-element-d88ed9c animated-fast e-con-full e-flex elementor-invisible e-con e-child\" data-id=\"d88ed9c\" data-element_type=\"container\" data-e-type=\"container\" data-settings=\"{&quot;background_background&quot;:&quot;gradient&quot;,&quot;animation&quot;:&quot;zoomIn&quot;,&quot;animation_delay&quot;:200,&quot;jet_parallax_layout_list&quot;:[]}\">\n\t\t\t\t<div class=\"elementor-element elementor-element-df9ee90 elementor-widget elementor-widget-icon-box\" data-id=\"df9ee90\" data-element_type=\"widget\" data-e-type=\"widget\" data-widget_type=\"icon-box.default\">\n\t\t\t\t\t\t\t<div class=\"elementor-icon-box-wrapper\">\n\n\t\t\t\n\t\t\t\t\t\t<div class=\"elementor-icon-box-content\">\n\n\t\t\t\t\t\t\t\t\t<div class=\"elementor-icon-box-title\">\n\t\t\t\t\t\t<span  >\n\t\t\t\t\t\t\tBIRTHDAY PACKS<br> von 7 bis 17 Jahre alt\t\t\t\t\t\t<\/span>\n\t\t\t\t\t<\/div>\n\t\t\t\t\n\t\t\t\t\t\t\t\t\t<p class=\"elementor-icon-box-description\">\n\t\t\t\t\t\tW\u00e4hlen Sie aus Zero Latency Spielen, VR-Minispielen und VR-Escape-Abenteuern, um ein unvergessliches, auf Sie zugeschnittenes Erlebnis zu schaffen.\t\t\t\t\t<\/p>\n\t\t\t\t\n\t\t\t<\/div>\n\t\t\t\n\t\t<\/div>\n\t\t\t\t\t\t<\/div>\n\t\t\t\t<div class=\"elementor-element elementor-element-3fb9583 elementor-align-center elementor-icon-list--layout-traditional elementor-list-item-link-full_width elementor-widget elementor-widget-icon-list\" data-id=\"3fb9583\" data-element_type=\"widget\" data-e-type=\"widget\" data-widget_type=\"icon-list.default\">\n\t\t\t\t\t\t\t<ul class=\"elementor-icon-list-items\">\n\t\t\t\t\t\t\t<li class=\"elementor-icon-list-item\">\n\t\t\t\t\t\t\t\t\t\t<span class=\"elementor-icon-list-text\">Veranstaltung von ca. 2,5h - 3,5h.<\/span>\n\t\t\t\t\t\t\t\t\t<\/li>\n\t\t\t\t\t\t\t\t<li class=\"elementor-icon-list-item\">\n\t\t\t\t\t\t\t\t\t\t<span class=\"elementor-icon-list-text\">45 bis 70 Minuten echtes VR-Gameplay<\/span>\n\t\t\t\t\t\t\t\t\t<\/li>\n\t\t\t\t\t\t\t\t<li class=\"elementor-icon-list-item\">\n\t\t\t\t\t\t\t\t\t\t<span class=\"elementor-icon-list-text\">W\u00e4hlen Sie das beste Erlebnis mit Hilfe des Game Masters<\/span>\n\t\t\t\t\t\t\t\t\t<\/li>\n\t\t\t\t\t\t\t\t<li class=\"elementor-icon-list-item\">\n\t\t\t\t\t\t\t\t\t\t<span class=\"elementor-icon-list-text\">Verf\u00fcgbar f\u00fcr Gruppen von 4 bis 16 Spielern<\/span>\n\t\t\t\t\t\t\t\t\t<\/li>\n\t\t\t\t\t\t\t\t<li class=\"elementor-icon-list-item\">\n\t\t\t\t\t\t\t\t\t\t<span class=\"elementor-icon-list-text\">Catering-Optionen<\/span>\n\t\t\t\t\t\t\t\t\t<\/li>\n\t\t\t\t\t\t<\/ul>\n\t\t\t\t\t\t<\/div>\n\t\t\t\t<div class=\"elementor-element elementor-element-0616318 elementor-align-justify elementor-widget elementor-widget-button\" data-id=\"0616318\" data-element_type=\"widget\" data-e-type=\"widget\" data-widget_type=\"button.default\">\n\t\t\t\t\t\t\t\t\t\t<a class=\"elementor-button elementor-button-link elementor-size-md\" href=\"https:\/\/mallorcavr.es\/de\/ereignisse\/geburtstagspackung\/\">\n\t\t\t\t\t\t<span class=\"elementor-button-content-wrapper\">\n\t\t\t\t\t\t\t\t\t<span class=\"elementor-button-text\">MEHR LERNEN<\/span>\n\t\t\t\t\t<\/span>\n\t\t\t\t\t<\/a>\n\t\t\t\t\t\t\t\t<\/div>\n\t\t\t\t<div class=\"elementor-element elementor-element-616b82b elementor-widget elementor-widget-heading\" data-id=\"616b82b\" data-element_type=\"widget\" data-e-type=\"widget\" data-widget_type=\"heading.default\">\n\t\t\t\t\t<div class=\"elementor-heading-title elementor-size-default\">Preis kann sich aufgrund von Buchungsgeb\u00fchren \u00e4ndern\n\n\n<\/div>\t\t\t\t<\/div>\n\t\t\t\t<\/div>\n\t\t<div class=\"elementor-element elementor-element-1fb4f96 animated-fast e-con-full e-flex elementor-invisible e-con e-child\" data-id=\"1fb4f96\" data-element_type=\"container\" data-e-type=\"container\" data-settings=\"{&quot;background_background&quot;:&quot;gradient&quot;,&quot;animation&quot;:&quot;zoomIn&quot;,&quot;animation_delay&quot;:200,&quot;jet_parallax_layout_list&quot;:[]}\">\n\t\t\t\t<div class=\"elementor-element elementor-element-8d10886 elementor-widget elementor-widget-icon-box\" data-id=\"8d10886\" data-element_type=\"widget\" data-e-type=\"widget\" data-widget_type=\"icon-box.default\">\n\t\t\t\t\t\t\t<div class=\"elementor-icon-box-wrapper\">\n\n\t\t\t\n\t\t\t\t\t\t<div class=\"elementor-icon-box-content\">\n\n\t\t\t\t\t\t\t\t\t<div class=\"elementor-icon-box-title\">\n\t\t\t\t\t\t<span  >\n\t\t\t\t\t\t\tFAMILIEN-PAKETE<br> \t\t\t\t\t\t<\/span>\n\t\t\t\t\t<\/div>\n\t\t\t\t\n\t\t\t\t\t\t\t\t\t<p class=\"elementor-icon-box-description\">\n\t\t\t\t\t\t\nKombinieren Sie Tickets f\u00fcr Erwachsene (ab 18 Jahren) und Kinder (7-17 Jahre) und erleben Sie ein VR-Abenteuer voller Lachen, Spannung und unvergesslicher Familienmomente.\n\n\n\t\t\t\t\t<\/p>\n\t\t\t\t\n\t\t\t<\/div>\n\t\t\t\n\t\t<\/div>\n\t\t\t\t\t\t<\/div>\n\t\t\t\t<div class=\"elementor-element elementor-element-e4ca40e elementor-align-center elementor-icon-list--layout-traditional elementor-list-item-link-full_width elementor-widget elementor-widget-icon-list\" data-id=\"e4ca40e\" data-element_type=\"widget\" data-e-type=\"widget\" data-widget_type=\"icon-list.default\">\n\t\t\t\t\t\t\t<ul class=\"elementor-icon-list-items\">\n\t\t\t\t\t\t\t<li class=\"elementor-icon-list-item\">\n\t\t\t\t\t\t\t\t\t\t<span class=\"elementor-icon-list-text\">Veranstaltung von ca. 2,5h - 3,5h.<\/span>\n\t\t\t\t\t\t\t\t\t<\/li>\n\t\t\t\t\t\t\t\t<li class=\"elementor-icon-list-item\">\n\t\t\t\t\t\t\t\t\t\t<span class=\"elementor-icon-list-text\">45 bis 70 Minuten echtes VR-Gameplay<\/span>\n\t\t\t\t\t\t\t\t\t<\/li>\n\t\t\t\t\t\t\t\t<li class=\"elementor-icon-list-item\">\n\t\t\t\t\t\t\t\t\t\t<span class=\"elementor-icon-list-text\">W\u00e4hlen Sie das beste Erlebnis mit Hilfe des Game Masters<\/span>\n\t\t\t\t\t\t\t\t\t<\/li>\n\t\t\t\t\t\t\t\t<li class=\"elementor-icon-list-item\">\n\t\t\t\t\t\t\t\t\t\t<span class=\"elementor-icon-list-text\">Verf\u00fcgbar f\u00fcr Gruppen von 2 bis 8 Spielern<\/span>\n\t\t\t\t\t\t\t\t\t<\/li>\n\t\t\t\t\t\t\t\t<li class=\"elementor-icon-list-item\">\n\t\t\t\t\t\t\t\t\t\t<span class=\"elementor-icon-list-text\">Catering-Optionen<\/span>\n\t\t\t\t\t\t\t\t\t<\/li>\n\t\t\t\t\t\t<\/ul>\n\t\t\t\t\t\t<\/div>\n\t\t\t\t<div class=\"elementor-element elementor-element-3dea6ca elementor-align-justify elementor-widget elementor-widget-button\" data-id=\"3dea6ca\" data-element_type=\"widget\" data-e-type=\"widget\" data-widget_type=\"button.default\">\n\t\t\t\t\t\t\t\t\t\t<a class=\"elementor-button elementor-button-link elementor-size-md\" href=\"https:\/\/mallorcavr.es\/de\/ereignisse\/familienpackung\/\">\n\t\t\t\t\t\t<span class=\"elementor-button-content-wrapper\">\n\t\t\t\t\t\t\t\t\t<span class=\"elementor-button-text\">MEHR LERNEN<\/span>\n\t\t\t\t\t<\/span>\n\t\t\t\t\t<\/a>\n\t\t\t\t\t\t\t\t<\/div>\n\t\t\t\t<\/div>\n\t\t\t\t<div class=\"elementor-element elementor-element-637b9fe elementor-widget__width-inherit elementor-widget elementor-widget-heading\" data-id=\"637b9fe\" data-element_type=\"widget\" data-e-type=\"widget\" data-widget_type=\"heading.default\">\n\t\t\t\t\t<h3 class=\"elementor-heading-title elementor-size-default\">Warum sollten Sie uns f\u00fcr Ihre Veranstaltung w\u00e4hlen?\n\n<\/h3>\t\t\t\t<\/div>\n\t\t\t\t<div class=\"elementor-element elementor-element-5358aea elementor-widget__width-inherit elementor-widget elementor-widget-text-editor\" data-id=\"5358aea\" data-element_type=\"widget\" data-e-type=\"widget\" data-widget_type=\"text-editor.default\">\n\t\t\t\t\t\t\t\t\t<p>Modernste VR-Technologie<\/p><p>Ger\u00e4umige und klimatisierte R\u00e4ume<\/p><p>Ideal f\u00fcr Teambuilding, Abschiedspartys und Zusammenk\u00fcnfte mit Freunden<\/p><p>Keine Warteschlangen: minimale Wartezeiten<\/p><p>Catering und Erfrischungen nach Ihrem Geschmack<br>Consult <a style=\"color: #42c0f0; font-weight: bold;\" href=\"https:\/\/mallorcavr.es\/wp-content\/uploads\/2025\/12\/pack-cumpleanos-pumo-zero.webp\" target=\"a_blank\">PUMO FOODTRUCK MENU<\/a><br><br>W\u00e4hlen Sie Ihr Men\u00fc bei der Buchung (bis zu 48 Stunden im Voraus).<\/p>\t\t\t\t\t\t\t\t<\/div>\n\t\t\t\t<\/div>\n\t\t\t\t\t<\/div>\n\t\t\t\t<\/div>\n\t\t<div class=\"elementor-element elementor-element-f1983c2 e-flex e-con-boxed e-con e-parent\" data-id=\"f1983c2\" data-element_type=\"container\" data-e-type=\"container\" data-settings=\"{&quot;jet_parallax_layout_list&quot;:[]}\">\n\t\t\t\t\t<div class=\"e-con-inner\">\n\t\t\t\t<div class=\"elementor-element elementor-element-0d01b8f elementor-widget elementor-widget-heading\" data-id=\"0d01b8f\" data-element_type=\"widget\" data-e-type=\"widget\" data-widget_type=\"heading.default\">\n\t\t\t\t\t<h4 class=\"elementor-heading-title elementor-size-default\">Buchen Sie jetzt und erleben Sie eine unvergessliche Erfahrung!<\/h4>\t\t\t\t<\/div>\n\t\t\t\t<div class=\"elementor-element elementor-element-b6fa193 elementor-align-center elementor-widget elementor-widget-button\" data-id=\"b6fa193\" data-element_type=\"widget\" data-e-type=\"widget\" data-widget_type=\"button.default\">\n\t\t\t\t\t\t\t\t\t\t<a class=\"elementor-button elementor-button-link elementor-size-md\" href=\"#elementor-action%3Aaction%3Dpopup%3Aopen%26settings%3DeyJpZCI6MjExNywidG9nZ2xlIjpmYWxzZX0%3D\">\n\t\t\t\t\t\t<span class=\"elementor-button-content-wrapper\">\n\t\t\t\t\t\t\t\t\t<span class=\"elementor-button-text\">INFORMATIONEN ANFORDERN<\/span>\n\t\t\t\t\t<\/span>\n\t\t\t\t\t<\/a>\n\t\t\t\t\t\t\t\t<\/div>\n\t\t\t\t\t<\/div>\n\t\t\t\t<\/div>\n\t\t<div class=\"elementor-element elementor-element-a792130 e-flex e-con-boxed e-con e-parent\" data-id=\"a792130\" data-element_type=\"container\" data-e-type=\"container\" data-settings=\"{&quot;background_background&quot;:&quot;classic&quot;,&quot;jet_parallax_layout_list&quot;:[]}\">\n\t\t\t\t\t<div class=\"e-con-inner\">\n\t\t\t\t<div class=\"elementor-element elementor-element-8935efb elementor-hidden-desktop elementor-hidden-tablet elementor-widget elementor-widget-image\" data-id=\"8935efb\" data-element_type=\"widget\" data-e-type=\"widget\" data-widget_type=\"image.default\">\n\t\t\t\t\t\t\t\t\t\t\t\t\t\t\t<img fetchpriority=\"high\" decoding=\"async\" width=\"572\" height=\"1024\" src=\"https:\/\/mallorcavr.es\/wp-content\/uploads\/2025\/11\/zero-latency-explicacion-evento-movil.jpg\" class=\"attachment-large size-large wp-image-3108\" alt=\"\" srcset=\"https:\/\/mallorcavr.es\/wp-content\/uploads\/2025\/11\/zero-latency-explicacion-evento-movil.jpg 572w, https:\/\/mallorcavr.es\/wp-content\/uploads\/2025\/11\/zero-latency-explicacion-evento-movil-168x300.jpg 168w\" sizes=\"(max-width: 572px) 100vw, 572px\" \/>\t\t\t\t\t\t\t\t\t\t\t\t\t\t\t<\/div>\n\t\t\t\t<div class=\"elementor-element elementor-element-1ef84c6 elementor-hidden-mobile elementor-widget elementor-widget-image\" data-id=\"1ef84c6\" data-element_type=\"widget\" data-e-type=\"widget\" data-widget_type=\"image.default\">\n\t\t\t\t\t\t\t\t\t\t\t\t\t\t\t<img decoding=\"async\" width=\"800\" height=\"340\" src=\"https:\/\/mallorcavr.es\/wp-content\/uploads\/2025\/11\/zero-latency-explicacion-evento-1024x435.webp\" class=\"attachment-large size-large wp-image-3101\" alt=\"\" srcset=\"https:\/\/mallorcavr.es\/wp-content\/uploads\/2025\/11\/zero-latency-explicacion-evento-1024x435.webp 1024w, https:\/\/mallorcavr.es\/wp-content\/uploads\/2025\/11\/zero-latency-explicacion-evento-300x127.webp 300w, https:\/\/mallorcavr.es\/wp-content\/uploads\/2025\/11\/zero-latency-explicacion-evento-768x326.webp 768w, https:\/\/mallorcavr.es\/wp-content\/uploads\/2025\/11\/zero-latency-explicacion-evento-1536x652.webp 1536w, https:\/\/mallorcavr.es\/wp-content\/uploads\/2025\/11\/zero-latency-explicacion-evento.webp 1920w\" sizes=\"(max-width: 800px) 100vw, 800px\" \/>\t\t\t\t\t\t\t\t\t\t\t\t\t\t\t<\/div>\n\t\t\t\t\t<\/div>\n\t\t\t\t<\/div>\n\t\t\t\t<\/div>\n\t\t","protected":false},"excerpt":{"rendered":"<p>Feiern Sie mit Stil auf Mallorca Zero Latency! Sind Sie auf der Suche nach einem anderen, spannenden Plan? Unsere Geburtstags-, Event- und Familienpakete sind so konzipiert, dass sie den Rahmen sprengen: modernste Technik, an Ihre Gruppe angepasste Spiele und keine Wartezeiten, so dass Sie sich nur noch um den Spa\u00df k\u00fcmmern m\u00fcssen. Ob es sich [&hellip;]<\/p>\n","protected":false},"author":1,"featured_media":0,"parent":0,"menu_order":0,"comment_status":"closed","ping_status":"closed","template":"","meta":{"footnotes":""},"class_list":["post-1030","page","type-page","status-publish","hentry"],"_links":{"self":[{"href":"https:\/\/mallorcavr.es\/de\/wp-json\/wp\/v2\/pages\/1030","targetHints":{"allow":["GET"]}}],"collection":[{"href":"https:\/\/mallorcavr.es\/de\/wp-json\/wp\/v2\/pages"}],"about":[{"href":"https:\/\/mallorcavr.es\/de\/wp-json\/wp\/v2\/types\/page"}],"author":[{"embeddable":true,"href":"https:\/\/mallorcavr.es\/de\/wp-json\/wp\/v2\/users\/1"}],"replies":[{"embeddable":true,"href":"https:\/\/mallorcavr.es\/de\/wp-json\/wp\/v2\/comments?post=1030"}],"version-history":[{"count":28,"href":"https:\/\/mallorcavr.es\/de\/wp-json\/wp\/v2\/pages\/1030\/revisions"}],"predecessor-version":[{"id":3631,"href":"https:\/\/mallorcavr.es\/de\/wp-json\/wp\/v2\/pages\/1030\/revisions\/3631"}],"wp:attachment":[{"href":"https:\/\/mallorcavr.es\/de\/wp-json\/wp\/v2\/media?parent=1030"}],"curies":[{"name":"wp","href":"https:\/\/api.w.org\/{rel}","templated":true}]}}