{"id":3305,"date":"2025-11-26T19:58:41","date_gmt":"2025-11-26T18:58:41","guid":{"rendered":"https:\/\/mallorcavr.es\/esdeveniments\/pack-families\/"},"modified":"2026-04-07T17:50:57","modified_gmt":"2026-04-07T15:50:57","slug":"pack-families","status":"publish","type":"page","link":"https:\/\/mallorcavr.es\/ca\/esdeveniments\/pack-families\/","title":{"rendered":"Pack Fam\u00edlies"},"content":{"rendered":"\t\t<div data-elementor-type=\"wp-page\" data-elementor-id=\"3305\" class=\"elementor elementor-3305 elementor-3148\" data-elementor-post-type=\"page\">\n\t\t\t\t<div class=\"elementor-element elementor-element-48e9c1e e-flex e-con-boxed e-con e-parent\" data-id=\"48e9c1e\" data-element_type=\"container\" data-e-type=\"container\" data-settings=\"{&quot;background_background&quot;:&quot;classic&quot;,&quot;jet_parallax_layout_list&quot;:[]}\">\n\t\t\t\t\t<div class=\"e-con-inner\">\n\t\t\t\t<div class=\"elementor-element elementor-element-140962f elementor-invisible elementor-widget elementor-widget-heading\" data-id=\"140962f\" data-element_type=\"widget\" data-e-type=\"widget\" data-settings=\"{&quot;_animation&quot;:&quot;fadeInUp&quot;}\" data-widget_type=\"heading.default\">\n\t\t\t\t\t<h1 class=\"elementor-heading-title elementor-size-default\">Pack Fam\u00edlies<\/h1>\t\t\t\t<\/div>\n\t\t\t\t<div class=\"elementor-element elementor-element-54864d4 elementor-invisible elementor-widget elementor-widget-heading\" data-id=\"54864d4\" data-element_type=\"widget\" data-e-type=\"widget\" data-settings=\"{&quot;_animation&quot;:&quot;fadeInUp&quot;,&quot;_animation_delay&quot;:200}\" data-widget_type=\"heading.default\">\n\t\t\t\t\t<h3 class=\"elementor-heading-title elementor-size-default\">Combina entrades adults (+18 anys) i nens (7-17 anys), i gaudiu d'una aventura VR plena de rialles, emoci\u00f3 i moments inoblidables en fam\u00edlia.\n\n\n<\/h3>\t\t\t\t<\/div>\n\t\t\t\t\t<\/div>\n\t\t\t\t<\/div>\n\t\t<div class=\"elementor-element elementor-element-8a76c9f e-flex e-con-boxed e-con e-parent\" data-id=\"8a76c9f\" data-element_type=\"container\" data-e-type=\"container\" data-settings=\"{&quot;jet_parallax_layout_list&quot;:[],&quot;background_background&quot;:&quot;classic&quot;}\">\n\t\t\t\t\t<div class=\"e-con-inner\">\n\t\t<div class=\"elementor-element elementor-element-8bae2d2 e-con-full e-flex e-con e-child\" data-id=\"8bae2d2\" data-element_type=\"container\" data-e-type=\"container\" data-settings=\"{&quot;jet_parallax_layout_list&quot;:[]}\">\n\t\t\t\t<div class=\"elementor-element elementor-element-df02401 elementor-widget elementor-widget-icon-box\" data-id=\"df02401\" data-element_type=\"widget\" data-e-type=\"widget\" data-widget_type=\"icon-box.default\">\n\t\t\t\t\t\t\t<div class=\"elementor-icon-box-wrapper\">\n\n\t\t\t\n\t\t\t\t\t\t<div class=\"elementor-icon-box-content\">\n\n\t\t\t\t\t\t\t\t\t<div class=\"elementor-icon-box-title\">\n\t\t\t\t\t\t<a href=\"https:\/\/ecom.roller.app\/zerolatencymallorca\/reservas\/es\/product\/1158856\" target=\"_blank\" rel=\"noopener noreferrer nofollow\">\n\t\t\t\t\t\t\tFam\u00edlia Escape + Minijocs\t\t\t\t\t\t<\/a>\n\t\t\t\t\t<\/div>\n\t\t\t\t\n\t\t\t\t\t\t\t\t\t<p class=\"elementor-icon-box-description\">\n\t\t\t\t\t\t(2-8 jugadors)\t\t\t\t\t<\/p>\n\t\t\t\t\n\t\t\t<\/div>\n\t\t\t\n\t\t<\/div>\n\t\t\t\t\t\t<\/div>\n\t\t\t\t<div class=\"elementor-element elementor-element-1635dc8 elementor-widget elementor-widget-image\" data-id=\"1635dc8\" data-element_type=\"widget\" data-e-type=\"widget\" data-widget_type=\"image.default\">\n\t\t\t\t\t\t\t\t\t\t\t\t\t\t\t<img fetchpriority=\"high\" decoding=\"async\" width=\"321\" height=\"195\" src=\"https:\/\/mallorcavr.es\/wp-content\/uploads\/2025\/11\/familias-zero-escape-mini.jpe\" class=\"attachment-large size-large wp-image-3154\" alt=\"\" srcset=\"https:\/\/mallorcavr.es\/wp-content\/uploads\/2025\/11\/familias-zero-escape-mini.jpe 321w, https:\/\/mallorcavr.es\/wp-content\/uploads\/2025\/11\/familias-zero-escape-mini-300x182.jpe 300w\" sizes=\"(max-width: 321px) 100vw, 321px\" \/>\t\t\t\t\t\t\t\t\t\t\t\t\t\t\t<\/div>\n\t\t\t\t<div class=\"elementor-element elementor-element-0931938 elementor-widget elementor-widget-text-editor\" data-id=\"0931938\" data-element_type=\"widget\" data-e-type=\"widget\" data-widget_type=\"text-editor.default\">\n\t\t\t\t\t\t\t\t\t<header class=\"product-header ng-tns-c2480225941-12 ng-star-inserted\"><div class=\"product-information ng-tns-c2480225941-12 ng-star-inserted\"><div class=\"product-description ng-star-inserted\"><strong>40 minuts<\/strong> d&#8217;aventura escape room on col\u00b7laborar en equip i resoldre enigmes + <strong>30 minuts<\/strong> de jocs curts perfectes per a una estona de rialles.<\/div><div> <\/div><\/div><\/header><div class=\"product-ordering-notices ng-star-inserted\"> <\/div><section class=\"details-when-attending details-when-attending--price-rules ng-star-inserted\"><section id=\"when-attending-title-row-details\" class=\"when-attending-title-row\"><\/section><\/section>\t\t\t\t\t\t\t\t<\/div>\n\t\t\t\t<div class=\"elementor-element elementor-element-e22d63f elementor-align-justify elementor-widget elementor-widget-button\" data-id=\"e22d63f\" data-element_type=\"widget\" data-e-type=\"widget\" data-widget_type=\"button.default\">\n\t\t\t\t\t\t\t\t\t\t<a class=\"elementor-button elementor-button-link elementor-size-md\" href=\"https:\/\/ecom.roller.app\/zerolatencymallorca\/reservas\/es\/product\/1158856\" target=\"_blank\" rel=\"noopener noreferrer nofollow\">\n\t\t\t\t\t\t<span class=\"elementor-button-content-wrapper\">\n\t\t\t\t\t\t\t\t\t<span class=\"elementor-button-text\">RESERVAR<\/span>\n\t\t\t\t\t<\/span>\n\t\t\t\t\t<\/a>\n\t\t\t\t\t\t\t\t<\/div>\n\t\t\t\t<div class=\"elementor-element elementor-element-16e3c2b elementor-widget elementor-widget-heading\" data-id=\"16e3c2b\" data-element_type=\"widget\" data-e-type=\"widget\" data-widget_type=\"heading.default\">\n\t\t\t\t\t<div class=\"elementor-heading-title elementor-size-default\">Consultar <a style=\"color: #42c0f0;font-weight: bold\" href=\"https:\/\/mallorcavr.es\/wp-content\/uploads\/2026\/03\/menu-familias-26.pdf\" target=\"a_blank\">CARTA PUMO FOODTRUCK<\/a> \n<br>Tria el teu men\u00fa en reservar (fins a 48\u202fh abans). <\/div>\t\t\t\t<\/div>\n\t\t\t\t<\/div>\n\t\t<div class=\"elementor-element elementor-element-a89fd5b e-con-full e-flex e-con e-child\" data-id=\"a89fd5b\" data-element_type=\"container\" data-e-type=\"container\" data-settings=\"{&quot;jet_parallax_layout_list&quot;:[]}\">\n\t\t\t\t<div class=\"elementor-element elementor-element-b200562 elementor-widget elementor-widget-icon-box\" data-id=\"b200562\" data-element_type=\"widget\" data-e-type=\"widget\" data-widget_type=\"icon-box.default\">\n\t\t\t\t\t\t\t<div class=\"elementor-icon-box-wrapper\">\n\n\t\t\t\n\t\t\t\t\t\t<div class=\"elementor-icon-box-content\">\n\n\t\t\t\t\t\t\t\t\t<div class=\"elementor-icon-box-title\">\n\t\t\t\t\t\t<a href=\"https:\/\/ecom.roller.app\/zerolatencymallorca\/reservas\/es\/product\/1172178\" target=\"_blank\" rel=\"noopener noreferrer nofollow\">\n\t\t\t\t\t\t\tFam\u00edlia ZL + Minijocs  \t\t\t\t\t\t<\/a>\n\t\t\t\t\t<\/div>\n\t\t\t\t\n\t\t\t\t\t\t\t\t\t<p class=\"elementor-icon-box-description\">\n\t\t\t\t\t\t(6-8 jugadors)\t\t\t\t\t<\/p>\n\t\t\t\t\n\t\t\t<\/div>\n\t\t\t\n\t\t<\/div>\n\t\t\t\t\t\t<\/div>\n\t\t\t\t<div class=\"elementor-element elementor-element-5fb292d elementor-widget elementor-widget-image\" data-id=\"5fb292d\" data-element_type=\"widget\" data-e-type=\"widget\" data-widget_type=\"image.default\">\n\t\t\t\t\t\t\t\t\t\t\t\t\t\t\t<img decoding=\"async\" width=\"321\" height=\"195\" src=\"https:\/\/mallorcavr.es\/wp-content\/uploads\/2025\/12\/Diseno-sin-titulo.jpg\" class=\"attachment-large size-large wp-image-3552\" alt=\"\" srcset=\"https:\/\/mallorcavr.es\/wp-content\/uploads\/2025\/12\/Diseno-sin-titulo.jpg 321w, https:\/\/mallorcavr.es\/wp-content\/uploads\/2025\/12\/Diseno-sin-titulo-300x182.jpg 300w\" sizes=\"(max-width: 321px) 100vw, 321px\" \/>\t\t\t\t\t\t\t\t\t\t\t\t\t\t\t<\/div>\n\t\t\t\t<div class=\"elementor-element elementor-element-34f4fda elementor-widget elementor-widget-text-editor\" data-id=\"34f4fda\" data-element_type=\"widget\" data-e-type=\"widget\" data-widget_type=\"text-editor.default\">\n\t\t\t\t\t\t\t\t\t<header class=\"product-header ng-tns-c2480225941-12 ng-star-inserted\"><div class=\"product-information ng-tns-c2480225941-12 ng-star-inserted\"><div class=\"product-description ng-star-inserted\"><span id=\"product-details-short-product-description\" class=\"product-description__text ng-star-inserted\"><strong>30 minuts<\/strong> d&#8217;acci\u00f3 hiperreal d&#8217;\u00faltima generaci\u00f3 amb trets i adrenalina + <strong>30 minuts<\/strong> de jocs curts perfectes per a una estona de rialles.<\/span><\/div><\/div><\/header><div class=\"product-ordering-notices ng-star-inserted\"> <\/div><div> <\/div><section class=\"details-when-attending details-when-attending--price-rules ng-star-inserted\"><section id=\"when-attending-title-row-details\" class=\"when-attending-title-row\"><\/section><\/section>\t\t\t\t\t\t\t\t<\/div>\n\t\t\t\t<div class=\"elementor-element elementor-element-6d47cbd elementor-align-justify elementor-widget elementor-widget-button\" data-id=\"6d47cbd\" data-element_type=\"widget\" data-e-type=\"widget\" data-widget_type=\"button.default\">\n\t\t\t\t\t\t\t\t\t\t<a class=\"elementor-button elementor-button-link elementor-size-md\" href=\"https:\/\/ecom.roller.app\/zerolatencymallorca\/reservas\/es\/product\/1172178\" target=\"_blank\" rel=\"noopener noreferrer nofollow\">\n\t\t\t\t\t\t<span class=\"elementor-button-content-wrapper\">\n\t\t\t\t\t\t\t\t\t<span class=\"elementor-button-text\">RESERVAR<\/span>\n\t\t\t\t\t<\/span>\n\t\t\t\t\t<\/a>\n\t\t\t\t\t\t\t\t<\/div>\n\t\t\t\t<div class=\"elementor-element elementor-element-ce1694e elementor-widget elementor-widget-heading\" data-id=\"ce1694e\" data-element_type=\"widget\" data-e-type=\"widget\" data-widget_type=\"heading.default\">\n\t\t\t\t\t<div class=\"elementor-heading-title elementor-size-default\">Consultar <a style=\"color: #42c0f0;font-weight: bold\" href=\"https:\/\/mallorcavr.es\/wp-content\/uploads\/2026\/03\/menu-familias-26.pdf\" target=\"a_blank\">CARTA PUMO FOODTRUCK<\/a> \n<br>Tria el teu men\u00fa en reservar (fins a 48\u202fh abans). <\/div>\t\t\t\t<\/div>\n\t\t\t\t<\/div>\n\t\t<div class=\"elementor-element elementor-element-427e6c4 e-con-full e-flex e-con e-child\" data-id=\"427e6c4\" data-element_type=\"container\" data-e-type=\"container\" data-settings=\"{&quot;jet_parallax_layout_list&quot;:[]}\">\n\t\t\t\t<div class=\"elementor-element elementor-element-16ed777 elementor-widget elementor-widget-icon-box\" data-id=\"16ed777\" data-element_type=\"widget\" data-e-type=\"widget\" data-widget_type=\"icon-box.default\">\n\t\t\t\t\t\t\t<div class=\"elementor-icon-box-wrapper\">\n\n\t\t\t\n\t\t\t\t\t\t<div class=\"elementor-icon-box-content\">\n\n\t\t\t\t\t\t\t\t\t<div class=\"elementor-icon-box-title\">\n\t\t\t\t\t\t<a href=\"https:\/\/ecom.roller.app\/zerolatencymallorca\/reservas\/es\/product\/1174254\" target=\"_blank\" rel=\"noopener noreferrer nofollow\">\n\t\t\t\t\t\t\tFam\u00edlia ZL + Escape\t\t\t\t\t\t<\/a>\n\t\t\t\t\t<\/div>\n\t\t\t\t\n\t\t\t\t\t\t\t\t\t<p class=\"elementor-icon-box-description\">\n\t\t\t\t\t\t(6-8 jugadors)\t\t\t\t\t<\/p>\n\t\t\t\t\n\t\t\t<\/div>\n\t\t\t\n\t\t<\/div>\n\t\t\t\t\t\t<\/div>\n\t\t\t\t<div class=\"elementor-element elementor-element-b2b6fdc elementor-widget elementor-widget-image\" data-id=\"b2b6fdc\" data-element_type=\"widget\" data-e-type=\"widget\" data-widget_type=\"image.default\">\n\t\t\t\t\t\t\t\t\t\t\t\t\t\t\t<img decoding=\"async\" width=\"321\" height=\"195\" src=\"https:\/\/mallorcavr.es\/wp-content\/uploads\/2025\/11\/familias-zero-escape.jpe\" class=\"attachment-large size-large wp-image-3158\" alt=\"\" srcset=\"https:\/\/mallorcavr.es\/wp-content\/uploads\/2025\/11\/familias-zero-escape.jpe 321w, https:\/\/mallorcavr.es\/wp-content\/uploads\/2025\/11\/familias-zero-escape-300x182.jpe 300w\" sizes=\"(max-width: 321px) 100vw, 321px\" \/>\t\t\t\t\t\t\t\t\t\t\t\t\t\t\t<\/div>\n\t\t\t\t<div class=\"elementor-element elementor-element-3618812 elementor-widget elementor-widget-text-editor\" data-id=\"3618812\" data-element_type=\"widget\" data-e-type=\"widget\" data-widget_type=\"text-editor.default\">\n\t\t\t\t\t\t\t\t\t<header class=\"product-header ng-tns-c2480225941-12 ng-star-inserted\"><div class=\"product-information ng-tns-c2480225941-12 ng-star-inserted\"><div class=\"product-description ng-star-inserted\"><strong>30 min<\/strong> d&#8217;acci\u00f3 hiperreal d&#8217;\u00faltima generaci\u00f3 amb trets i adrenalina + <strong>40 min<\/strong> d&#8217;aventura escape room on col\u00b7laborar en equip i resoldre enigmes.<\/div><\/div><\/header><div class=\"product-ordering-notices ng-star-inserted\"> <\/div><section class=\"details-when-attending details-when-attending--price-rules ng-star-inserted\"><section id=\"when-attending-title-row-details\" class=\"when-attending-title-row\"><\/section><\/section>\t\t\t\t\t\t\t\t<\/div>\n\t\t\t\t<div class=\"elementor-element elementor-element-1141d72 elementor-align-justify elementor-widget elementor-widget-button\" data-id=\"1141d72\" data-element_type=\"widget\" data-e-type=\"widget\" data-widget_type=\"button.default\">\n\t\t\t\t\t\t\t\t\t\t<a class=\"elementor-button elementor-button-link elementor-size-md\" href=\"https:\/\/ecom.roller.app\/zerolatencymallorca\/reservas\/es\/product\/1174254\" target=\"_blank\" rel=\"noopener noreferrer nofollow\">\n\t\t\t\t\t\t<span class=\"elementor-button-content-wrapper\">\n\t\t\t\t\t\t\t\t\t<span class=\"elementor-button-text\">RESERVAR<\/span>\n\t\t\t\t\t<\/span>\n\t\t\t\t\t<\/a>\n\t\t\t\t\t\t\t\t<\/div>\n\t\t\t\t<div class=\"elementor-element elementor-element-c94a7e7 elementor-widget elementor-widget-heading\" data-id=\"c94a7e7\" data-element_type=\"widget\" data-e-type=\"widget\" data-widget_type=\"heading.default\">\n\t\t\t\t\t<div class=\"elementor-heading-title elementor-size-default\">Consultar <a style=\"color: #42c0f0;font-weight: bold\" href=\"https:\/\/mallorcavr.es\/wp-content\/uploads\/2026\/03\/menu-familias-26.pdf\" target=\"a_blank\">CARTA PUMO FOODTRUCK<\/a> \n<br>Tria el teu men\u00fa en reservar (fins a 48\u202fh abans). <\/div>\t\t\t\t<\/div>\n\t\t\t\t<\/div>\n\t\t<div class=\"elementor-element elementor-element-6e16f16 e-con-full e-flex e-con e-child\" data-id=\"6e16f16\" data-element_type=\"container\" data-e-type=\"container\" data-settings=\"{&quot;jet_parallax_layout_list&quot;:[]}\">\n\t\t\t\t<div class=\"elementor-element elementor-element-e725dec elementor-widget elementor-widget-icon-box\" data-id=\"e725dec\" data-element_type=\"widget\" data-e-type=\"widget\" data-widget_type=\"icon-box.default\">\n\t\t\t\t\t\t\t<div class=\"elementor-icon-box-wrapper\">\n\n\t\t\t\n\t\t\t\t\t\t<div class=\"elementor-icon-box-content\">\n\n\t\t\t\t\t\t\t\t\t<div class=\"elementor-icon-box-title\">\n\t\t\t\t\t\t<a href=\"https:\/\/ecom.roller.app\/zerolatencymallorca\/reservas\/es\/product\/1171398\" target=\"_blank\" rel=\"noopener noreferrer nofollow\">\n\t\t\t\t\t\t\tFam\u00edlia Zero Latency\t\t\t\t\t\t<\/a>\n\t\t\t\t\t<\/div>\n\t\t\t\t\n\t\t\t\t\t\t\t\t\t<p class=\"elementor-icon-box-description\">\n\t\t\t\t\t\t(6-8 jugadors)\t\t\t\t\t<\/p>\n\t\t\t\t\n\t\t\t<\/div>\n\t\t\t\n\t\t<\/div>\n\t\t\t\t\t\t<\/div>\n\t\t\t\t<div class=\"elementor-element elementor-element-691e81c elementor-widget elementor-widget-image\" data-id=\"691e81c\" data-element_type=\"widget\" data-e-type=\"widget\" data-widget_type=\"image.default\">\n\t\t\t\t\t\t\t\t\t\t\t\t\t\t\t<img loading=\"lazy\" decoding=\"async\" width=\"321\" height=\"195\" src=\"https:\/\/mallorcavr.es\/wp-content\/uploads\/2025\/11\/familias-zero-latency-1.jpe\" class=\"attachment-large size-large wp-image-3166\" alt=\"\" srcset=\"https:\/\/mallorcavr.es\/wp-content\/uploads\/2025\/11\/familias-zero-latency-1.jpe 321w, https:\/\/mallorcavr.es\/wp-content\/uploads\/2025\/11\/familias-zero-latency-1-300x182.jpe 300w\" sizes=\"(max-width: 321px) 100vw, 321px\" \/>\t\t\t\t\t\t\t\t\t\t\t\t\t\t\t<\/div>\n\t\t\t\t<div class=\"elementor-element elementor-element-765ed3f elementor-widget elementor-widget-text-editor\" data-id=\"765ed3f\" data-element_type=\"widget\" data-e-type=\"widget\" data-widget_type=\"text-editor.default\">\n\t\t\t\t\t\t\t\t\t<header class=\"product-header ng-tns-c2480225941-12 ng-star-inserted\"><div class=\"product-information ng-tns-c2480225941-12 ng-star-inserted\"><div class=\"product-description ng-star-inserted\"><strong>45 minuts<\/strong> d&#8217;acci\u00f3 hiperreal d&#8217;\u00faltima generaci\u00f3 plens d&#8217;intensitat, trets, adrenalina i diversi\u00f3.<\/div><div> <\/div><\/div><\/header><section class=\"details-when-attending details-when-attending--price-rules ng-star-inserted\"><section id=\"when-attending-title-row-details\" class=\"when-attending-title-row\"><\/section><\/section>\t\t\t\t\t\t\t\t<\/div>\n\t\t\t\t<div class=\"elementor-element elementor-element-dc93c58 elementor-align-justify elementor-widget elementor-widget-button\" data-id=\"dc93c58\" data-element_type=\"widget\" data-e-type=\"widget\" data-widget_type=\"button.default\">\n\t\t\t\t\t\t\t\t\t\t<a class=\"elementor-button elementor-button-link elementor-size-md\" href=\"https:\/\/ecom.roller.app\/zerolatencymallorca\/reservas\/es\/product\/1171398\" target=\"_blank\" rel=\"noopener noreferrer nofollow\">\n\t\t\t\t\t\t<span class=\"elementor-button-content-wrapper\">\n\t\t\t\t\t\t\t\t\t<span class=\"elementor-button-text\">RESERVAR<\/span>\n\t\t\t\t\t<\/span>\n\t\t\t\t\t<\/a>\n\t\t\t\t\t\t\t\t<\/div>\n\t\t\t\t<div class=\"elementor-element elementor-element-8547514 elementor-widget elementor-widget-heading\" data-id=\"8547514\" data-element_type=\"widget\" data-e-type=\"widget\" data-widget_type=\"heading.default\">\n\t\t\t\t\t<div class=\"elementor-heading-title elementor-size-default\">Consultar <a style=\"color: #42c0f0;font-weight: bold\" href=\"https:\/\/mallorcavr.es\/wp-content\/uploads\/2026\/03\/menu-familias-26.pdf\" target=\"a_blank\">CARTA PUMO FOODTRUCK<\/a> \n<br>Tria el teu men\u00fa en reservar (fins a 48\u202fh abans). <\/div>\t\t\t\t<\/div>\n\t\t\t\t<\/div>\n\t\t\t\t\t<\/div>\n\t\t\t\t<\/div>\n\t\t<div class=\"elementor-element elementor-element-7f424c0 e-flex e-con-boxed e-con e-parent\" data-id=\"7f424c0\" data-element_type=\"container\" data-e-type=\"container\" data-settings=\"{&quot;background_background&quot;:&quot;classic&quot;,&quot;jet_parallax_layout_list&quot;:[]}\">\n\t\t\t\t\t<div class=\"e-con-inner\">\n\t\t\t\t<div class=\"elementor-element elementor-element-0144776 elementor-hidden-desktop elementor-hidden-tablet elementor-widget elementor-widget-image\" data-id=\"0144776\" data-element_type=\"widget\" data-e-type=\"widget\" data-widget_type=\"image.default\">\n\t\t\t\t\t\t\t\t\t\t\t\t\t\t\t<img loading=\"lazy\" decoding=\"async\" width=\"576\" height=\"1024\" src=\"https:\/\/mallorcavr.es\/wp-content\/uploads\/2025\/12\/horas-movil-zero-576x1024.webp\" class=\"attachment-large size-large wp-image-3518\" alt=\"\" srcset=\"https:\/\/mallorcavr.es\/wp-content\/uploads\/2025\/12\/horas-movil-zero-576x1024.webp 576w, https:\/\/mallorcavr.es\/wp-content\/uploads\/2025\/12\/horas-movil-zero-169x300.webp 169w, https:\/\/mallorcavr.es\/wp-content\/uploads\/2025\/12\/horas-movil-zero-768x1365.webp 768w, https:\/\/mallorcavr.es\/wp-content\/uploads\/2025\/12\/horas-movil-zero-864x1536.webp 864w, https:\/\/mallorcavr.es\/wp-content\/uploads\/2025\/12\/horas-movil-zero.webp 1080w\" sizes=\"(max-width: 576px) 100vw, 576px\" \/>\t\t\t\t\t\t\t\t\t\t\t\t\t\t\t<\/div>\n\t\t\t\t<div class=\"elementor-element elementor-element-66ffca4 elementor-hidden-mobile elementor-widget elementor-widget-image\" data-id=\"66ffca4\" data-element_type=\"widget\" data-e-type=\"widget\" data-widget_type=\"image.default\">\n\t\t\t\t\t\t\t\t\t\t\t\t\t\t\t<img loading=\"lazy\" decoding=\"async\" width=\"800\" height=\"450\" src=\"https:\/\/mallorcavr.es\/wp-content\/uploads\/2025\/12\/horas-zero-1024x576.webp\" class=\"attachment-large size-large wp-image-3513\" alt=\"\" srcset=\"https:\/\/mallorcavr.es\/wp-content\/uploads\/2025\/12\/horas-zero-1024x576.webp 1024w, https:\/\/mallorcavr.es\/wp-content\/uploads\/2025\/12\/horas-zero-300x169.webp 300w, https:\/\/mallorcavr.es\/wp-content\/uploads\/2025\/12\/horas-zero-768x432.webp 768w, https:\/\/mallorcavr.es\/wp-content\/uploads\/2025\/12\/horas-zero-1536x864.webp 1536w, https:\/\/mallorcavr.es\/wp-content\/uploads\/2025\/12\/horas-zero.webp 1920w\" sizes=\"(max-width: 800px) 100vw, 800px\" \/>\t\t\t\t\t\t\t\t\t\t\t\t\t\t\t<\/div>\n\t\t\t\t\t<\/div>\n\t\t\t\t<\/div>\n\t\t\t\t<\/div>\n\t\t","protected":false},"excerpt":{"rendered":"<p>Combina entrades adults (+18 anys) i nens (7-17 anys), i gaudiu d&#8217;una aventura VR plena de rialles, emoci\u00f3 i moments inoblidables en fam\u00edlia. Fam\u00edlia Escape + Minijocs (2-8 jugadors) 40 minuts d&#8217;aventura escape room on col\u00b7laborar en equip i resoldre enigmes + 30 minuts de jocs curts perfectes per a una estona de rialles. RESERVAR [&hellip;]<\/p>\n","protected":false},"author":1,"featured_media":0,"parent":1042,"menu_order":0,"comment_status":"closed","ping_status":"closed","template":"","meta":{"footnotes":""},"class_list":["post-3305","page","type-page","status-publish","hentry"],"_links":{"self":[{"href":"https:\/\/mallorcavr.es\/ca\/wp-json\/wp\/v2\/pages\/3305","targetHints":{"allow":["GET"]}}],"collection":[{"href":"https:\/\/mallorcavr.es\/ca\/wp-json\/wp\/v2\/pages"}],"about":[{"href":"https:\/\/mallorcavr.es\/ca\/wp-json\/wp\/v2\/types\/page"}],"author":[{"embeddable":true,"href":"https:\/\/mallorcavr.es\/ca\/wp-json\/wp\/v2\/users\/1"}],"replies":[{"embeddable":true,"href":"https:\/\/mallorcavr.es\/ca\/wp-json\/wp\/v2\/comments?post=3305"}],"version-history":[{"count":7,"href":"https:\/\/mallorcavr.es\/ca\/wp-json\/wp\/v2\/pages\/3305\/revisions"}],"predecessor-version":[{"id":3939,"href":"https:\/\/mallorcavr.es\/ca\/wp-json\/wp\/v2\/pages\/3305\/revisions\/3939"}],"up":[{"embeddable":true,"href":"https:\/\/mallorcavr.es\/ca\/wp-json\/wp\/v2\/pages\/1042"}],"wp:attachment":[{"href":"https:\/\/mallorcavr.es\/ca\/wp-json\/wp\/v2\/media?parent=3305"}],"curies":[{"name":"wp","href":"https:\/\/api.w.org\/{rel}","templated":true}]}}