{"id":1473,"date":"2025-07-31T08:33:24","date_gmt":"2025-07-31T06:33:24","guid":{"rendered":"https:\/\/mallorcavr.es\/avis-legal\/"},"modified":"2025-08-11T10:41:55","modified_gmt":"2025-08-11T08:41:55","slug":"avis-legal","status":"publish","type":"page","link":"https:\/\/mallorcavr.es\/ca\/avis-legal\/","title":{"rendered":"Av\u00eds Legal"},"content":{"rendered":"\n<p>En compliment del deure d&#8217;informaci\u00f3 recollit a l&#8217;article 10 de la Llei 34\/2002, d&#8217;11 de juliol, de <strong>Serveis de la Societat de la Informaci\u00f3 i de Comer\u00e7 Electr\u00f2nic (LSSI-CE)<\/strong> , s&#8217;informa els usuaris d&#8217;aquest web de les dades seg\u00fcents:<\/p>\n\n<hr class=\"wp-block-separator has-alpha-channel-opacity\"\/>\n\n<h3 class=\"wp-block-heading\"><strong>Dades del titular del lloc web<\/strong><\/h3>\n\n<ul class=\"wp-block-list\">\n<li><strong>Titular:<\/strong> VIRTUAL FUN SL<\/li>\n\n\n\n<li><strong>CIF:<\/strong> B75254417<\/li>\n\n\n\n<li><strong>Domicili social:<\/strong> Gremi de Tintorers 15, 07009, Palma, Illes Balears, Espanya<\/li>\n\n\n\n<li><strong>Email de contacte:<\/strong> info@virtualfun.es<\/li>\n\n\n\n<li><strong>Domini web:<\/strong> <a href=\"https:\/\/mallorcavr.es\/ca\/\">https:\/\/mallorcavr.es<\/a><\/li>\n<\/ul>\n\n<hr class=\"wp-block-separator has-alpha-channel-opacity\"\/>\n\n<h3 class=\"wp-block-heading\"><strong>Condicions d&#8217;\u00fas<\/strong><\/h3>\n\n<p>L&#8217;acc\u00e9s i la navegaci\u00f3 pel lloc web <a href=\"https:\/\/mallorcavr.es\/ca\/\">https:\/\/mallorcavr.es<\/a> atribueix la condici\u00f3 d&#8217;usuari i implica l&#8217;acceptaci\u00f3 plena i sense reserves de totes les disposicions incloses en aquest av\u00eds legal, aix\u00ed com de la nostra pol\u00edtica de privadesa i pol\u00edtica de cookies.<\/p>\n\n<p>El titular es reserva el dret a modificar en qualsevol moment i sense av\u00eds previ la presentaci\u00f3, configuraci\u00f3 i contingut del lloc web, aix\u00ed com les condicions requerides per al seu \u00fas.<\/p>\n\n<hr class=\"wp-block-separator has-alpha-channel-opacity\"\/>\n\n<h3 class=\"wp-block-heading\"><strong>Propietat intel\u00b7lectual i industrial<\/strong><\/h3>\n\n<p>Tots els continguts del lloc web, incloent-hi a t\u00edtol enunciatiu per\u00f2 no limitatiu: textos, imatges, gr\u00e0fics, logotips, v\u00eddeos, disseny, estructura de navegaci\u00f3, bases de dades i codi font, s\u00f3n propietat del titular o de tercers que n&#8217;han autoritzat l&#8217;\u00fas, i estan protegits per la normativa vigent en mat\u00e8ria de propietat intel\u00b7lectual i industrial.<\/p>\n\n<p>Queda estrictament prohibida la reproducci\u00f3, la distribuci\u00f3, la comunicaci\u00f3 p\u00fablica o la transformaci\u00f3 d&#8217;aquests continguts sense l&#8217;autoritzaci\u00f3 expressa del titular.<\/p>\n\n<hr class=\"wp-block-separator has-alpha-channel-opacity\"\/>\n\n<h3 class=\"wp-block-heading\"><strong>Responsabilitat<\/strong><\/h3>\n\n<p>El titular no es fa responsable dels possibles errors o omissions en els continguts del lloc web ni dels danys derivats de l&#8217;\u00fas del mateix, ni de qualsevol actuaci\u00f3 realitzada sobre la base de la informaci\u00f3 continguda.<\/p>\n\n<p>El titular tampoc no ser\u00e0 responsable dels continguts enlla\u00e7ats des d&#8217;aquest web, ni garanteix l&#8217;abs\u00e8ncia de virus o altres elements que puguin produir alteracions al sistema inform\u00e0tic de l&#8217;usuari.<\/p>\n\n<hr class=\"wp-block-separator has-alpha-channel-opacity\"\/>\n\n<h3 class=\"wp-block-heading\"><strong>Legislaci\u00f3 aplicable i jurisdicci\u00f3<\/strong><\/h3>\n\n<p>La relaci\u00f3 entre l&#8217;usuari i el titular es regir\u00e0 per la normativa vigent a Espanya. <\/p>\n","protected":false},"excerpt":{"rendered":"<p>En compliment del deure d&#8217;informaci\u00f3 recollit a l&#8217;article 10 de la Llei 34\/2002, d&#8217;11 de juliol, de Serveis de la Societat de la Informaci\u00f3 i de Comer\u00e7 Electr\u00f2nic (LSSI-CE) , s&#8217;informa els usuaris d&#8217;aquest web de les dades seg\u00fcents: Dades del titular del lloc web Condicions d&#8217;\u00fas L&#8217;acc\u00e9s i la navegaci\u00f3 pel lloc web https:\/\/mallorcavr.es [&hellip;]<\/p>\n","protected":false},"author":1,"featured_media":0,"parent":0,"menu_order":0,"comment_status":"closed","ping_status":"closed","template":"","meta":{"footnotes":""},"class_list":["post-1473","page","type-page","status-publish","hentry"],"_links":{"self":[{"href":"https:\/\/mallorcavr.es\/ca\/wp-json\/wp\/v2\/pages\/1473","targetHints":{"allow":["GET"]}}],"collection":[{"href":"https:\/\/mallorcavr.es\/ca\/wp-json\/wp\/v2\/pages"}],"about":[{"href":"https:\/\/mallorcavr.es\/ca\/wp-json\/wp\/v2\/types\/page"}],"author":[{"embeddable":true,"href":"https:\/\/mallorcavr.es\/ca\/wp-json\/wp\/v2\/users\/1"}],"replies":[{"embeddable":true,"href":"https:\/\/mallorcavr.es\/ca\/wp-json\/wp\/v2\/comments?post=1473"}],"version-history":[{"count":1,"href":"https:\/\/mallorcavr.es\/ca\/wp-json\/wp\/v2\/pages\/1473\/revisions"}],"predecessor-version":[{"id":1474,"href":"https:\/\/mallorcavr.es\/ca\/wp-json\/wp\/v2\/pages\/1473\/revisions\/1474"}],"wp:attachment":[{"href":"https:\/\/mallorcavr.es\/ca\/wp-json\/wp\/v2\/media?parent=1473"}],"curies":[{"name":"wp","href":"https:\/\/api.w.org\/{rel}","templated":true}]}}