{"id":1032,"date":"2025-07-21T17:17:52","date_gmt":"2025-07-21T15:17:52","guid":{"rendered":"https:\/\/mallorcavr.es\/pack-aniversaris\/"},"modified":"2026-02-11T13:15:12","modified_gmt":"2026-02-11T12:15:12","slug":"pack-aniversaris","status":"publish","type":"page","link":"https:\/\/mallorcavr.es\/ca\/esdeveniments\/pack-aniversaris\/","title":{"rendered":"Pack Aniversari"},"content":{"rendered":"\t\t<div data-elementor-type=\"wp-page\" data-elementor-id=\"1032\" class=\"elementor elementor-1032 elementor-287\" data-elementor-post-type=\"page\">\n\t\t\t\t<div class=\"elementor-element elementor-element-c14119b e-flex e-con-boxed e-con e-parent\" data-id=\"c14119b\" data-element_type=\"container\" data-e-type=\"container\" data-settings=\"{&quot;background_background&quot;:&quot;classic&quot;,&quot;jet_parallax_layout_list&quot;:[]}\">\n\t\t\t\t\t<div class=\"e-con-inner\">\n\t\t\t\t<div class=\"elementor-element elementor-element-437982c elementor-invisible elementor-widget elementor-widget-heading\" data-id=\"437982c\" data-element_type=\"widget\" data-e-type=\"widget\" data-settings=\"{&quot;_animation&quot;:&quot;fadeInUp&quot;}\" data-widget_type=\"heading.default\">\n\t\t\t\t\t<h1 class=\"elementor-heading-title elementor-size-default\">Pack Aniversari<\/h1>\t\t\t\t<\/div>\n\t\t\t\t<div class=\"elementor-element elementor-element-65262fc elementor-invisible elementor-widget elementor-widget-heading\" data-id=\"65262fc\" data-element_type=\"widget\" data-e-type=\"widget\" data-settings=\"{&quot;_animation&quot;:&quot;fadeInUp&quot;,&quot;_animation_delay&quot;:200}\" data-widget_type=\"heading.default\">\n\t\t\t\t\t<h3 class=\"elementor-heading-title elementor-size-default\">Una celebraci\u00f3 \u00fanica on cada partida es converteix en un viatge al\u00b7lucinant: diversi\u00f3, acci\u00f3 i emoci\u00f3 que encantar\u00e0 a tothom.<\/h3>\t\t\t\t<\/div>\n\t\t\t\t<div class=\"elementor-element elementor-element-2bf7411 elementor-widget elementor-widget-heading\" data-id=\"2bf7411\" data-element_type=\"widget\" data-e-type=\"widget\" data-widget_type=\"heading.default\">\n\t\t\t\t\t<p class=\"elementor-heading-title elementor-size-default\">Pack Aniversari (7-17 anys)<\/p>\t\t\t\t<\/div>\n\t\t\t\t<div class=\"elementor-element elementor-element-babfd42 elementor-widget elementor-widget-heading\" data-id=\"babfd42\" data-element_type=\"widget\" data-e-type=\"widget\" data-widget_type=\"heading.default\">\n\t\t\t\t\t<p class=\"elementor-heading-title elementor-size-default\"><a href=\"https:\/\/mallorcavr.es\/ca\/esdeveniments\/pack-families\/\">per a menors de 10 anys veure els <b>pack fam\u00edlia <\/b> <\/a><\/p>\t\t\t\t<\/div>\n\t\t\t\t\t<\/div>\n\t\t\t\t<\/div>\n\t\t<div class=\"elementor-element elementor-element-b578647 e-flex e-con-boxed e-con e-parent\" data-id=\"b578647\" data-element_type=\"container\" data-e-type=\"container\" data-settings=\"{&quot;jet_parallax_layout_list&quot;:[],&quot;background_background&quot;:&quot;classic&quot;}\">\n\t\t\t\t\t<div class=\"e-con-inner\">\n\t\t<div class=\"elementor-element elementor-element-7b317aa e-con-full e-flex e-con e-child\" data-id=\"7b317aa\" data-element_type=\"container\" data-e-type=\"container\" data-settings=\"{&quot;jet_parallax_layout_list&quot;:[]}\">\n\t\t\t\t<div class=\"elementor-element elementor-element-c7b6e79 elementor-widget elementor-widget-icon-box\" data-id=\"c7b6e79\" data-element_type=\"widget\" data-e-type=\"widget\" data-widget_type=\"icon-box.default\">\n\t\t\t\t\t\t\t<div class=\"elementor-icon-box-wrapper\">\n\n\t\t\t\n\t\t\t\t\t\t<div class=\"elementor-icon-box-content\">\n\n\t\t\t\t\t\t\t\t\t<div class=\"elementor-icon-box-title\">\n\t\t\t\t\t\t<span  >\n\t\t\t\t\t\t\tAniversari Escape i\/o Minijocs\t\t\t\t\t\t<\/span>\n\t\t\t\t\t<\/div>\n\t\t\t\t\n\t\t\t\t\t\t\t\t\t<p class=\"elementor-icon-box-description\">\n\t\t\t\t\t\t(4-8 jugadors)\t\t\t\t\t<\/p>\n\t\t\t\t\n\t\t\t<\/div>\n\t\t\t\n\t\t<\/div>\n\t\t\t\t\t\t<\/div>\n\t\t\t\t<div class=\"elementor-element elementor-element-26a1773 elementor-widget elementor-widget-image\" data-id=\"26a1773\" data-element_type=\"widget\" data-e-type=\"widget\" data-widget_type=\"image.default\">\n\t\t\t\t\t\t\t\t\t\t\t\t\t\t\t<img fetchpriority=\"high\" decoding=\"async\" width=\"321\" height=\"195\" src=\"https:\/\/mallorcavr.es\/wp-content\/uploads\/2025\/12\/sJC9u5b8P06qhdsoQHX3Bw.jpe\" class=\"attachment-large size-large wp-image-3612\" alt=\"\" srcset=\"https:\/\/mallorcavr.es\/wp-content\/uploads\/2025\/12\/sJC9u5b8P06qhdsoQHX3Bw.jpe 321w, https:\/\/mallorcavr.es\/wp-content\/uploads\/2025\/12\/sJC9u5b8P06qhdsoQHX3Bw-300x182.jpe 300w\" sizes=\"(max-width: 321px) 100vw, 321px\" \/>\t\t\t\t\t\t\t\t\t\t\t\t\t\t\t<\/div>\n\t\t\t\t<div class=\"elementor-element elementor-element-ef7ff01 elementor-widget elementor-widget-text-editor\" data-id=\"ef7ff01\" data-element_type=\"widget\" data-e-type=\"widget\" data-widget_type=\"text-editor.default\">\n\t\t\t\t\t\t\t\t\t<header class=\"product-header ng-tns-c2480225941-12 ng-star-inserted\"><div class=\"product-information ng-tns-c2480225941-12 ng-star-inserted\"><div class=\"product-description ng-star-inserted\"><strong>40 minuts<\/strong> d&#8217;aventura escape room on col\u00b7laborar en equip i resoldre enigmes + <strong>30 minuts<\/strong> de jocs curts perfectes per a una estona de rialles.<\/div><div> <\/div><\/div><\/header><section class=\"details-when-attending details-when-attending--price-rules ng-star-inserted\"><section id=\"when-attending-title-row-details\" class=\"when-attending-title-row\"><\/section><\/section>\t\t\t\t\t\t\t\t<\/div>\n\t\t\t\t<div class=\"elementor-element elementor-element-912d46b elementor-align-justify elementor-widget elementor-widget-button\" data-id=\"912d46b\" data-element_type=\"widget\" data-e-type=\"widget\" data-widget_type=\"button.default\">\n\t\t\t\t\t\t\t\t\t\t<a class=\"elementor-button elementor-button-link elementor-size-md\" href=\"https:\/\/ecom.roller.app\/zerolatencymallorca\/reservas\/es\/product\/1158824\" target=\"_blank\" rel=\"noopener noreferrer nofollow\">\n\t\t\t\t\t\t<span class=\"elementor-button-content-wrapper\">\n\t\t\t\t\t\t\t\t\t<span class=\"elementor-button-text\">RESERVAR<\/span>\n\t\t\t\t\t<\/span>\n\t\t\t\t\t<\/a>\n\t\t\t\t\t\t\t\t<\/div>\n\t\t\t\t<div class=\"elementor-element elementor-element-7b4efc0 elementor-widget elementor-widget-heading\" data-id=\"7b4efc0\" data-element_type=\"widget\" data-e-type=\"widget\" data-widget_type=\"heading.default\">\n\t\t\t\t\t<div class=\"elementor-heading-title elementor-size-default\">Consultar <a style=\"color: #42c0f0;font-weight: bold\" href=\"https:\/\/mallorcavr.es\/wp-content\/uploads\/2025\/12\/pack-cumpleanos-pumo-zero.webp\" target=\"a_blank\">MEN\u00da PUMO FOODTRUCK<\/a> \n<br>Tria el teu men\u00fa en reservar (fins a 48 h abans).  <\/div>\t\t\t\t<\/div>\n\t\t\t\t<\/div>\n\t\t<div class=\"elementor-element elementor-element-413553b e-con-full e-flex e-con e-child\" data-id=\"413553b\" data-element_type=\"container\" data-e-type=\"container\" data-settings=\"{&quot;jet_parallax_layout_list&quot;:[]}\">\n\t\t\t\t<div class=\"elementor-element elementor-element-901be4c elementor-widget elementor-widget-icon-box\" data-id=\"901be4c\" data-element_type=\"widget\" data-e-type=\"widget\" data-widget_type=\"icon-box.default\">\n\t\t\t\t\t\t\t<div class=\"elementor-icon-box-wrapper\">\n\n\t\t\t\n\t\t\t\t\t\t<div class=\"elementor-icon-box-content\">\n\n\t\t\t\t\t\t\t\t\t<div class=\"elementor-icon-box-title\">\n\t\t\t\t\t\t<span  >\n\t\t\t\t\t\t\tAniversari Zero Latency + Minijocs  \t\t\t\t\t\t<\/span>\n\t\t\t\t\t<\/div>\n\t\t\t\t\n\t\t\t\t\t\t\t\t\t<p class=\"elementor-icon-box-description\">\n\t\t\t\t\t\t(8-16 jugadors)\t\t\t\t\t<\/p>\n\t\t\t\t\n\t\t\t<\/div>\n\t\t\t\n\t\t<\/div>\n\t\t\t\t\t\t<\/div>\n\t\t\t\t<div class=\"elementor-element elementor-element-a36a9ae elementor-widget elementor-widget-image\" data-id=\"a36a9ae\" data-element_type=\"widget\" data-e-type=\"widget\" data-widget_type=\"image.default\">\n\t\t\t\t\t\t\t\t\t\t\t\t\t\t\t<img decoding=\"async\" width=\"321\" height=\"195\" src=\"https:\/\/mallorcavr.es\/wp-content\/uploads\/2025\/12\/t8s-Qcz-M0W8pi2Ra4ajpw.jpe\" class=\"attachment-large size-large wp-image-3600\" alt=\"\" srcset=\"https:\/\/mallorcavr.es\/wp-content\/uploads\/2025\/12\/t8s-Qcz-M0W8pi2Ra4ajpw.jpe 321w, https:\/\/mallorcavr.es\/wp-content\/uploads\/2025\/12\/t8s-Qcz-M0W8pi2Ra4ajpw-300x182.jpe 300w\" sizes=\"(max-width: 321px) 100vw, 321px\" \/>\t\t\t\t\t\t\t\t\t\t\t\t\t\t\t<\/div>\n\t\t\t\t<div class=\"elementor-element elementor-element-c1faf7e elementor-widget elementor-widget-text-editor\" data-id=\"c1faf7e\" data-element_type=\"widget\" data-e-type=\"widget\" data-widget_type=\"text-editor.default\">\n\t\t\t\t\t\t\t\t\t<header class=\"product-header ng-tns-c2480225941-12 ng-star-inserted\"><div class=\"product-information ng-tns-c2480225941-12 ng-star-inserted\"><div class=\"product-description ng-star-inserted\"><span id=\"product-details-short-product-description\" class=\"product-description__text ng-star-inserted\"><strong>30 minuts<\/strong> d&#8217;acci\u00f3 hiperreal d&#8217;\u00faltima generaci\u00f3 amb trets i adrenalina + <strong>30 minuts<\/strong> de jocs curts perfectes per a una estona de rialles.<\/span><\/div><\/div><\/header><div class=\"product-ordering-notices ng-star-inserted\"> <\/div><section class=\"details-when-attending details-when-attending--price-rules ng-star-inserted\"><section id=\"when-attending-title-row-details\" class=\"when-attending-title-row\"><\/section><\/section>\t\t\t\t\t\t\t\t<\/div>\n\t\t\t\t<div class=\"elementor-element elementor-element-a043498 elementor-align-justify elementor-widget elementor-widget-button\" data-id=\"a043498\" data-element_type=\"widget\" data-e-type=\"widget\" data-widget_type=\"button.default\">\n\t\t\t\t\t\t\t\t\t\t<a class=\"elementor-button elementor-button-link elementor-size-md\" href=\"https:\/\/ecom.roller.app\/zerolatencymallorca\/reservas\/es\/product\/1160441\" target=\"_blank\" rel=\"noopener noreferrer nofollow\">\n\t\t\t\t\t\t<span class=\"elementor-button-content-wrapper\">\n\t\t\t\t\t\t\t\t\t<span class=\"elementor-button-text\">RESERVAR<\/span>\n\t\t\t\t\t<\/span>\n\t\t\t\t\t<\/a>\n\t\t\t\t\t\t\t\t<\/div>\n\t\t\t\t<div class=\"elementor-element elementor-element-ed9b871 elementor-widget elementor-widget-heading\" data-id=\"ed9b871\" data-element_type=\"widget\" data-e-type=\"widget\" data-widget_type=\"heading.default\">\n\t\t\t\t\t<div class=\"elementor-heading-title elementor-size-default\">Consultar <a style=\"color: #42c0f0;font-weight: bold\" href=\"https:\/\/mallorcavr.es\/wp-content\/uploads\/2025\/12\/pack-cumpleanos-pumo-zero.webp\" target=\"a_blank\">MEN\u00da PUMO FOODTRUCK<\/a> \n<br>Tria el teu men\u00fa en reservar (fins a 48 h abans).  <\/div>\t\t\t\t<\/div>\n\t\t\t\t<\/div>\n\t\t<div class=\"elementor-element elementor-element-7f1e966 e-con-full e-flex e-con e-child\" data-id=\"7f1e966\" data-element_type=\"container\" data-e-type=\"container\" data-settings=\"{&quot;jet_parallax_layout_list&quot;:[]}\">\n\t\t\t\t<div class=\"elementor-element elementor-element-2148356 elementor-widget elementor-widget-icon-box\" data-id=\"2148356\" data-element_type=\"widget\" data-e-type=\"widget\" data-widget_type=\"icon-box.default\">\n\t\t\t\t\t\t\t<div class=\"elementor-icon-box-wrapper\">\n\n\t\t\t\n\t\t\t\t\t\t<div class=\"elementor-icon-box-content\">\n\n\t\t\t\t\t\t\t\t\t<div class=\"elementor-icon-box-title\">\n\t\t\t\t\t\t<span  >\n\t\t\t\t\t\t\tAniversari Zero Latency + Escape\t\t\t\t\t\t<\/span>\n\t\t\t\t\t<\/div>\n\t\t\t\t\n\t\t\t\t\t\t\t\t\t<p class=\"elementor-icon-box-description\">\n\t\t\t\t\t\t(8-16 jugadors)\t\t\t\t\t<\/p>\n\t\t\t\t\n\t\t\t<\/div>\n\t\t\t\n\t\t<\/div>\n\t\t\t\t\t\t<\/div>\n\t\t\t\t<div class=\"elementor-element elementor-element-8ccb91a elementor-widget elementor-widget-image\" data-id=\"8ccb91a\" data-element_type=\"widget\" data-e-type=\"widget\" data-widget_type=\"image.default\">\n\t\t\t\t\t\t\t\t\t\t\t\t\t\t\t<img decoding=\"async\" width=\"321\" height=\"195\" src=\"https:\/\/mallorcavr.es\/wp-content\/uploads\/2025\/12\/VCFFwdJekEWpqUGttU9Bzg.jpe\" class=\"attachment-large size-large wp-image-3604\" alt=\"\" srcset=\"https:\/\/mallorcavr.es\/wp-content\/uploads\/2025\/12\/VCFFwdJekEWpqUGttU9Bzg.jpe 321w, https:\/\/mallorcavr.es\/wp-content\/uploads\/2025\/12\/VCFFwdJekEWpqUGttU9Bzg-300x182.jpe 300w\" sizes=\"(max-width: 321px) 100vw, 321px\" \/>\t\t\t\t\t\t\t\t\t\t\t\t\t\t\t<\/div>\n\t\t\t\t<div class=\"elementor-element elementor-element-cb07b8c elementor-widget elementor-widget-text-editor\" data-id=\"cb07b8c\" data-element_type=\"widget\" data-e-type=\"widget\" data-widget_type=\"text-editor.default\">\n\t\t\t\t\t\t\t\t\t<header class=\"product-header ng-tns-c2480225941-12 ng-star-inserted\"><div class=\"product-information ng-tns-c2480225941-12 ng-star-inserted\"><div class=\"product-description ng-star-inserted\"><strong>30 min<\/strong> d&#8217;acci\u00f3 hiperreal d&#8217;\u00faltima generaci\u00f3 amb trets i adrenalina + <strong>40 min<\/strong> d&#8217;aventura escape room on col\u00b7laborar en equip i resoldre enigmes.<\/div><\/div><\/header><div class=\"product-ordering-notices ng-star-inserted\"> <\/div><section class=\"details-when-attending details-when-attending--price-rules ng-star-inserted\"><section id=\"when-attending-title-row-details\" class=\"when-attending-title-row\"><\/section><\/section>\t\t\t\t\t\t\t\t<\/div>\n\t\t\t\t<div class=\"elementor-element elementor-element-bf0985f elementor-align-justify elementor-widget elementor-widget-button\" data-id=\"bf0985f\" data-element_type=\"widget\" data-e-type=\"widget\" data-widget_type=\"button.default\">\n\t\t\t\t\t\t\t\t\t\t<a class=\"elementor-button elementor-button-link elementor-size-md\" href=\"https:\/\/ecom.roller.app\/zerolatencymallorca\/reservas\/es\/product\/1162229\" target=\"_blank\" rel=\"noopener noreferrer nofollow\">\n\t\t\t\t\t\t<span class=\"elementor-button-content-wrapper\">\n\t\t\t\t\t\t\t\t\t<span class=\"elementor-button-text\">RESERVAR<\/span>\n\t\t\t\t\t<\/span>\n\t\t\t\t\t<\/a>\n\t\t\t\t\t\t\t\t<\/div>\n\t\t\t\t<div class=\"elementor-element elementor-element-f974f71 elementor-widget elementor-widget-heading\" data-id=\"f974f71\" data-element_type=\"widget\" data-e-type=\"widget\" data-widget_type=\"heading.default\">\n\t\t\t\t\t<div class=\"elementor-heading-title elementor-size-default\">Consultar <a style=\"color: #42c0f0;font-weight: bold\" href=\"https:\/\/mallorcavr.es\/wp-content\/uploads\/2025\/12\/pack-cumpleanos-pumo-zero.webp\" target=\"a_blank\">MEN\u00da PUMO FOODTRUCK<\/a> \n<br>Tria el teu men\u00fa en reservar (fins a 48 h abans).  <\/div>\t\t\t\t<\/div>\n\t\t\t\t<\/div>\n\t\t<div class=\"elementor-element elementor-element-12940aa e-con-full e-flex e-con e-child\" data-id=\"12940aa\" data-element_type=\"container\" data-e-type=\"container\" data-settings=\"{&quot;jet_parallax_layout_list&quot;:[]}\">\n\t\t\t\t<div class=\"elementor-element elementor-element-3c2773a elementor-widget elementor-widget-icon-box\" data-id=\"3c2773a\" data-element_type=\"widget\" data-e-type=\"widget\" data-widget_type=\"icon-box.default\">\n\t\t\t\t\t\t\t<div class=\"elementor-icon-box-wrapper\">\n\n\t\t\t\n\t\t\t\t\t\t<div class=\"elementor-icon-box-content\">\n\n\t\t\t\t\t\t\t\t\t<div class=\"elementor-icon-box-title\">\n\t\t\t\t\t\t<span  >\n\t\t\t\t\t\t\tAniversari Zero Latency\t\t\t\t\t\t<\/span>\n\t\t\t\t\t<\/div>\n\t\t\t\t\n\t\t\t\t\t\t\t\t\t<p class=\"elementor-icon-box-description\">\n\t\t\t\t\t\t(8-16 jugadors)\t\t\t\t\t<\/p>\n\t\t\t\t\n\t\t\t<\/div>\n\t\t\t\n\t\t<\/div>\n\t\t\t\t\t\t<\/div>\n\t\t\t\t<div class=\"elementor-element elementor-element-7544f4b elementor-widget elementor-widget-image\" data-id=\"7544f4b\" data-element_type=\"widget\" data-e-type=\"widget\" data-widget_type=\"image.default\">\n\t\t\t\t\t\t\t\t\t\t\t\t\t\t\t<img loading=\"lazy\" decoding=\"async\" width=\"321\" height=\"195\" src=\"https:\/\/mallorcavr.es\/wp-content\/uploads\/2025\/12\/ctosFgRZaUalcNb11AfkGA.jpe\" class=\"attachment-large size-large wp-image-3608\" alt=\"\" srcset=\"https:\/\/mallorcavr.es\/wp-content\/uploads\/2025\/12\/ctosFgRZaUalcNb11AfkGA.jpe 321w, https:\/\/mallorcavr.es\/wp-content\/uploads\/2025\/12\/ctosFgRZaUalcNb11AfkGA-300x182.jpe 300w\" sizes=\"(max-width: 321px) 100vw, 321px\" \/>\t\t\t\t\t\t\t\t\t\t\t\t\t\t\t<\/div>\n\t\t\t\t<div class=\"elementor-element elementor-element-c3cb711 elementor-widget elementor-widget-text-editor\" data-id=\"c3cb711\" data-element_type=\"widget\" data-e-type=\"widget\" data-widget_type=\"text-editor.default\">\n\t\t\t\t\t\t\t\t\t<header class=\"product-header ng-tns-c2480225941-12 ng-star-inserted\"><div class=\"product-information ng-tns-c2480225941-12 ng-star-inserted\"><div class=\"product-description ng-star-inserted\"><strong>45 minuts<\/strong> d&#8217;acci\u00f3 hiperreal d&#8217;\u00faltima generaci\u00f3 plens d&#8217;intensitat, trets, adrenalina i diversi\u00f3.<\/div><div> <\/div><\/div><\/header><div class=\"product-ordering-notices ng-star-inserted\"> <\/div><section class=\"details-when-attending details-when-attending--price-rules ng-star-inserted\"><section id=\"when-attending-title-row-details\" class=\"when-attending-title-row\"><\/section><\/section>\t\t\t\t\t\t\t\t<\/div>\n\t\t\t\t<div class=\"elementor-element elementor-element-5a310dd elementor-align-justify elementor-widget elementor-widget-button\" data-id=\"5a310dd\" data-element_type=\"widget\" data-e-type=\"widget\" data-widget_type=\"button.default\">\n\t\t\t\t\t\t\t\t\t\t<a class=\"elementor-button elementor-button-link elementor-size-md\" href=\"https:\/\/ecom.roller.app\/zerolatencymallorca\/reservas\/es\/product\/1158858\" target=\"_blank\" rel=\"noopener noreferrer nofollow\">\n\t\t\t\t\t\t<span class=\"elementor-button-content-wrapper\">\n\t\t\t\t\t\t\t\t\t<span class=\"elementor-button-text\">RESERVAR<\/span>\n\t\t\t\t\t<\/span>\n\t\t\t\t\t<\/a>\n\t\t\t\t\t\t\t\t<\/div>\n\t\t\t\t<div class=\"elementor-element elementor-element-760c19d elementor-widget elementor-widget-heading\" data-id=\"760c19d\" data-element_type=\"widget\" data-e-type=\"widget\" data-widget_type=\"heading.default\">\n\t\t\t\t\t<div class=\"elementor-heading-title elementor-size-default\">Consultar <a style=\"color: #42c0f0;font-weight: bold\" href=\"https:\/\/mallorcavr.es\/wp-content\/uploads\/2025\/12\/pack-cumpleanos-pumo-zero.webp\" target=\"a_blank\">MEN\u00da PUMO FOODTRUCK<\/a> \n<br>Tria el teu men\u00fa en reservar (fins a 48 h abans).  <\/div>\t\t\t\t<\/div>\n\t\t\t\t<\/div>\n\t\t\t\t\t<\/div>\n\t\t\t\t<\/div>\n\t\t<div class=\"elementor-element elementor-element-69200713 e-flex e-con-boxed e-con e-parent\" data-id=\"69200713\" data-element_type=\"container\" data-e-type=\"container\" data-settings=\"{&quot;jet_parallax_layout_list&quot;:[]}\">\n\t\t\t\t\t<div class=\"e-con-inner\">\n\t\t\t\t<div class=\"elementor-element elementor-element-bfc18e0 elementor-widget__width-inherit elementor-widget elementor-widget-heading\" data-id=\"bfc18e0\" data-element_type=\"widget\" data-e-type=\"widget\" data-widget_type=\"heading.default\">\n\t\t\t\t\t<h3 class=\"elementor-heading-title elementor-size-default\">Per qu\u00e8 triar-nos per al teu esdeveniment?\n\n<\/h3>\t\t\t\t<\/div>\n\t\t\t\t<div class=\"elementor-element elementor-element-af0e7f0 elementor-align-center elementor-widget__width-inherit elementor-widget elementor-widget-button\" data-id=\"af0e7f0\" data-element_type=\"widget\" data-e-type=\"widget\" data-widget_type=\"button.default\">\n\t\t\t\t\t\t\t\t\t\t<a class=\"elementor-button elementor-button-link elementor-size-md\" href=\"#elementor-action%3Aaction%3Dpopup%3Aopen%26settings%3DeyJpZCI6MjEyMiwidG9nZ2xlIjpmYWxzZX0%3D\">\n\t\t\t\t\t\t<span class=\"elementor-button-content-wrapper\">\n\t\t\t\t\t\t\t\t\t<span class=\"elementor-button-text\">SOL\u00b7LICITAR INFORMACI\u00d3<\/span>\n\t\t\t\t\t<\/span>\n\t\t\t\t\t<\/a>\n\t\t\t\t\t\t\t\t<\/div>\n\t\t\t\t<div class=\"elementor-element elementor-element-9f9c606 elementor-widget__width-inherit elementor-widget elementor-widget-text-editor\" data-id=\"9f9c606\" data-element_type=\"widget\" data-e-type=\"widget\" data-widget_type=\"text-editor.default\">\n\t\t\t\t\t\t\t\t\t<p>Tecnologia VR d&#8217;\u00faltima generaci\u00f3<\/p><p>Espais amplis i climatitzats<\/p><p>Ideal per a team building, comiats i reunions d&#8217;amics<\/p><p>Sense cues: temps d&#8217;espera m\u00ednims<\/p><p>C\u00e0tering i refrescos a la teva mida<\/p><p>Consultar <a style=\"color: #42c0f0; font-weight: bold;\" href=\"https:\/\/mallorcavr.es\/wp-content\/uploads\/2025\/12\/pack-cumpleanos-pumo-zero.webp\" target=\"a_blank\">MEN\u00da PUMO FOODTRUCK<\/a><br><br>Tria el teu men\u00fa en reservar (fins a 48 h abans).<\/p>\t\t\t\t\t\t\t\t<\/div>\n\t\t\t\t\t<\/div>\n\t\t\t\t<\/div>\n\t\t<div class=\"elementor-element elementor-element-eb87ee1 e-flex e-con-boxed e-con e-parent\" data-id=\"eb87ee1\" data-element_type=\"container\" data-e-type=\"container\" data-settings=\"{&quot;background_background&quot;:&quot;classic&quot;,&quot;jet_parallax_layout_list&quot;:[]}\">\n\t\t\t\t\t<div class=\"e-con-inner\">\n\t\t\t\t<div class=\"elementor-element elementor-element-1c9c7ba elementor-hidden-desktop elementor-hidden-tablet elementor-widget elementor-widget-image\" data-id=\"1c9c7ba\" data-element_type=\"widget\" data-e-type=\"widget\" data-widget_type=\"image.default\">\n\t\t\t\t\t\t\t\t\t\t\t\t\t\t\t<img loading=\"lazy\" decoding=\"async\" width=\"576\" height=\"1024\" src=\"https:\/\/mallorcavr.es\/wp-content\/uploads\/2025\/12\/horas-movil-zero-576x1024.webp\" class=\"attachment-large size-large wp-image-3518\" alt=\"\" srcset=\"https:\/\/mallorcavr.es\/wp-content\/uploads\/2025\/12\/horas-movil-zero-576x1024.webp 576w, https:\/\/mallorcavr.es\/wp-content\/uploads\/2025\/12\/horas-movil-zero-169x300.webp 169w, https:\/\/mallorcavr.es\/wp-content\/uploads\/2025\/12\/horas-movil-zero-768x1365.webp 768w, https:\/\/mallorcavr.es\/wp-content\/uploads\/2025\/12\/horas-movil-zero-864x1536.webp 864w, https:\/\/mallorcavr.es\/wp-content\/uploads\/2025\/12\/horas-movil-zero.webp 1080w\" sizes=\"(max-width: 576px) 100vw, 576px\" \/>\t\t\t\t\t\t\t\t\t\t\t\t\t\t\t<\/div>\n\t\t\t\t<div class=\"elementor-element elementor-element-328f598 elementor-hidden-mobile elementor-widget elementor-widget-image\" data-id=\"328f598\" data-element_type=\"widget\" data-e-type=\"widget\" data-widget_type=\"image.default\">\n\t\t\t\t\t\t\t\t\t\t\t\t\t\t\t<img loading=\"lazy\" decoding=\"async\" width=\"800\" height=\"450\" src=\"https:\/\/mallorcavr.es\/wp-content\/uploads\/2025\/12\/horas-zero-1024x576.webp\" class=\"attachment-large size-large wp-image-3513\" alt=\"\" srcset=\"https:\/\/mallorcavr.es\/wp-content\/uploads\/2025\/12\/horas-zero-1024x576.webp 1024w, https:\/\/mallorcavr.es\/wp-content\/uploads\/2025\/12\/horas-zero-300x169.webp 300w, https:\/\/mallorcavr.es\/wp-content\/uploads\/2025\/12\/horas-zero-768x432.webp 768w, https:\/\/mallorcavr.es\/wp-content\/uploads\/2025\/12\/horas-zero-1536x864.webp 1536w, https:\/\/mallorcavr.es\/wp-content\/uploads\/2025\/12\/horas-zero.webp 1920w\" sizes=\"(max-width: 800px) 100vw, 800px\" \/>\t\t\t\t\t\t\t\t\t\t\t\t\t\t\t<\/div>\n\t\t\t\t\t<\/div>\n\t\t\t\t<\/div>\n\t\t\t\t<\/div>\n\t\t","protected":false},"excerpt":{"rendered":"<p>Una celebraci\u00f3 \u00fanica on cada partida es converteix en un viatge al\u00b7lucinant: diversi\u00f3, acci\u00f3 i emoci\u00f3 que encantar\u00e0 a tothom. Pack Aniversari (7-17 anys) per a menors de 10 anys veure els pack fam\u00edlia Aniversari Escape i\/o Minijocs (4-8 jugadors) 40 minuts d&#8217;aventura escape room on col\u00b7laborar en equip i resoldre enigmes + 30 minuts [&hellip;]<\/p>\n","protected":false},"author":1,"featured_media":0,"parent":1042,"menu_order":0,"comment_status":"closed","ping_status":"closed","template":"","meta":{"footnotes":""},"class_list":["post-1032","page","type-page","status-publish","hentry"],"_links":{"self":[{"href":"https:\/\/mallorcavr.es\/ca\/wp-json\/wp\/v2\/pages\/1032","targetHints":{"allow":["GET"]}}],"collection":[{"href":"https:\/\/mallorcavr.es\/ca\/wp-json\/wp\/v2\/pages"}],"about":[{"href":"https:\/\/mallorcavr.es\/ca\/wp-json\/wp\/v2\/types\/page"}],"author":[{"embeddable":true,"href":"https:\/\/mallorcavr.es\/ca\/wp-json\/wp\/v2\/users\/1"}],"replies":[{"embeddable":true,"href":"https:\/\/mallorcavr.es\/ca\/wp-json\/wp\/v2\/comments?post=1032"}],"version-history":[{"count":20,"href":"https:\/\/mallorcavr.es\/ca\/wp-json\/wp\/v2\/pages\/1032\/revisions"}],"predecessor-version":[{"id":3755,"href":"https:\/\/mallorcavr.es\/ca\/wp-json\/wp\/v2\/pages\/1032\/revisions\/3755"}],"up":[{"embeddable":true,"href":"https:\/\/mallorcavr.es\/ca\/wp-json\/wp\/v2\/pages\/1042"}],"wp:attachment":[{"href":"https:\/\/mallorcavr.es\/ca\/wp-json\/wp\/v2\/media?parent=1032"}],"curies":[{"name":"wp","href":"https:\/\/api.w.org\/{rel}","templated":true}]}}